{"id":950,"date":"2026-01-23T10:25:46","date_gmt":"2026-01-23T08:25:46","guid":{"rendered":"https:\/\/korpiselka.fi\/?page_id=950"},"modified":"2026-01-23T10:25:47","modified_gmt":"2026-01-23T08:25:47","slug":"lammassaaren-uusi-pyhattorakennus","status":"publish","type":"page","link":"https:\/\/korpiselka.fi\/?page_id=950","title":{"rendered":"LAMMASSAAREN UUSI PYH\u00c4TT\u00d6RAKENNUS"},"content":{"rendered":"\n<p><strong>Korpisel\u00e4n Pit\u00e4j\u00e4seura ja ahkerat talkoolaiset ovat uurastaneet Hoilolassa<\/strong> <strong>ja heid\u00e4n ansiostaan Korpij\u00e4rven Lammassaareen on kohonnut uusi pieni pyh\u00e4tt\u00f6rakennus.<\/strong><\/p>\n\n\n\n<p>Idea tsasounasta tuli Hoilolan kyl\u00e4l\u00e4isilt\u00e4, jotka pyysiv\u00e4t Korpisel\u00e4n Pit\u00e4j\u00e4seuraa hankkeen hallinnoijaksi. Korpisel\u00e4n Pit\u00e4j\u00e4seuralla on kokemusta aikaisemmista hankkeista, joten seura p\u00e4\u00e4tti l\u00e4hte\u00e4 hankkeen toteuttajaksi. Ensin neuvoteltiin Korpij\u00e4rven osakaskunnan kanssa lupa tsasounan rakentamiselle osakaskunnan omistamaan Lammassaareen.<\/p>\n\n\n\n<div style=\"height:22px\" aria-hidden=\"true\" class=\"wp-block-spacer\"><\/div>\n\n\n\n<div class=\"wp-block-image\"><figure class=\"aligncenter size-full\"><a href=\"https:\/\/korpiselka.fi\/wp-content\/uploads\/2026\/01\/Logi-Leader.jpg\"><img loading=\"lazy\" width=\"365\" height=\"197\" src=\"https:\/\/korpiselka.fi\/wp-content\/uploads\/2026\/01\/Logi-Leader.jpg\" alt=\"\" class=\"wp-image-951\" srcset=\"https:\/\/korpiselka.fi\/wp-content\/uploads\/2026\/01\/Logi-Leader.jpg 365w, https:\/\/korpiselka.fi\/wp-content\/uploads\/2026\/01\/Logi-Leader-300x162.jpg 300w\" sizes=\"(max-width: 365px) 100vw, 365px\" \/><\/a><\/figure><\/div>\n\n\n\n<div style=\"height:20px\" aria-hidden=\"true\" class=\"wp-block-spacer\"><\/div>\n\n\n\n<p>Hanke k\u00e4ynnistyi alkuvuodesta 2025, hakemuksen vireilletulon j\u00e4lkeen. Seuran hallitus p\u00e4\u00e4tti ostaa elementit Antero Saloselta kokouksessa 13.1.2025 ja hakea tsasounalle poikkeuslupaa Joensuun kaupungilta. Poikkeuslupa tsasounan rakentamiseen my\u00f6nnettiin 12.3.2025, ja heti luvan saamisen j\u00e4lkeen elementit ja portaiden rakennusmateriaalit kuljetettiin saareen m\u00f6nkij\u00e4n ja traktorin per\u00e4k\u00e4rryll\u00e4 j\u00e4it\u00e4 pitkin. Tsasounan pohjan siunaus pidettiin 15.3.2025 perinteisen hiihtoristisaaton yhteydess\u00e4. Tilaisuus kokosi runsaasti kyl\u00e4l\u00e4isi\u00e4 ja toimi hankkeen symbolisena aloituksena. Rakennusty\u00f6t k\u00e4ynnistyiv\u00e4t maalis-huhtikuussa 2025.<\/p>\n\n\n\n<div style=\"height:17px\" aria-hidden=\"true\" class=\"wp-block-spacer\"><\/div>\n\n\n\n<figure class=\"wp-block-image size-large\"><a href=\"https:\/\/korpiselka.fi\/wp-content\/uploads\/2026\/01\/Kuva-1.jpg\"><img loading=\"lazy\" width=\"768\" height=\"1024\" src=\"https:\/\/korpiselka.fi\/wp-content\/uploads\/2026\/01\/Kuva-1-768x1024.jpg\" alt=\"\" class=\"wp-image-952\" srcset=\"https:\/\/korpiselka.fi\/wp-content\/uploads\/2026\/01\/Kuva-1-768x1024.jpg 768w, https:\/\/korpiselka.fi\/wp-content\/uploads\/2026\/01\/Kuva-1-225x300.jpg 225w, https:\/\/korpiselka.fi\/wp-content\/uploads\/2026\/01\/Kuva-1.jpg 960w\" sizes=\"(max-width: 768px) 100vw, 768px\" \/><\/a><\/figure>\n\n\n\n<div style=\"height:19px\" aria-hidden=\"true\" class=\"wp-block-spacer\"><\/div>\n\n\n\n<p>Tsasounan siunaaminen k\u00e4ytt\u00f6\u00f6n j\u00e4rjestettiin 7.8.2025. Tilaisuus kokosi paikalle noin 70 henkil\u00f6\u00e4, niin kyl\u00e4l\u00e4isi\u00e4, kes\u00e4asukkaita kuin vieraita l\u00e4hialueilta. Tilaisuudessa oli l\u00e4mmin ja yhteis\u00f6llinen tunnelma, ja se sai runsaasti kiitosta osallistujilta.<\/p>\n\n\n\n<div class=\"wp-block-image\"><figure class=\"aligncenter size-full\"><a href=\"https:\/\/korpiselka.fi\/wp-content\/uploads\/2026\/01\/Kuva-2.jpg\"><img loading=\"lazy\" width=\"609\" height=\"457\" src=\"https:\/\/korpiselka.fi\/wp-content\/uploads\/2026\/01\/Kuva-2.jpg\" alt=\"\" class=\"wp-image-953\" srcset=\"https:\/\/korpiselka.fi\/wp-content\/uploads\/2026\/01\/Kuva-2.jpg 609w, https:\/\/korpiselka.fi\/wp-content\/uploads\/2026\/01\/Kuva-2-300x225.jpg 300w\" sizes=\"(max-width: 609px) 100vw, 609px\" \/><\/a><figcaption><em>Kirkkoherra is\u00e4 Aleksander Roszczenkko toimitti palveluksen ja\u00a0kuoroa johti kanttori Aleksi Suikkanen<\/em><\/figcaption><\/figure><\/div>\n\n\n\n<div style=\"height:24px\" aria-hidden=\"true\" class=\"wp-block-spacer\"><\/div>\n\n\n\n<figure class=\"wp-block-gallery has-nested-images columns-default is-cropped\">\n<figure class=\"wp-block-image size-large\"><a href=\"https:\/\/korpiselka.fi\/wp-content\/uploads\/2026\/01\/Kuva-3.jpg\"><img loading=\"lazy\" width=\"725\" height=\"408\" data-id=\"954\"  src=\"https:\/\/korpiselka.fi\/wp-content\/uploads\/2026\/01\/Kuva-3.jpg\" alt=\"\" class=\"wp-image-954\" srcset=\"https:\/\/korpiselka.fi\/wp-content\/uploads\/2026\/01\/Kuva-3.jpg 725w, https:\/\/korpiselka.fi\/wp-content\/uploads\/2026\/01\/Kuva-3-300x169.jpg 300w\" sizes=\"(max-width: 725px) 100vw, 725px\" \/><\/a><\/figure>\n\n\n\n<figure class=\"wp-block-image size-large\"><a href=\"https:\/\/korpiselka.fi\/wp-content\/uploads\/2026\/01\/Kuva-4.jpg\"><img loading=\"lazy\" width=\"440\" height=\"586\" data-id=\"955\"  src=\"https:\/\/korpiselka.fi\/wp-content\/uploads\/2026\/01\/Kuva-4.jpg\" alt=\"\" class=\"wp-image-955\" srcset=\"https:\/\/korpiselka.fi\/wp-content\/uploads\/2026\/01\/Kuva-4.jpg 440w, https:\/\/korpiselka.fi\/wp-content\/uploads\/2026\/01\/Kuva-4-225x300.jpg 225w\" sizes=\"(max-width: 440px) 100vw, 440px\" \/><\/a><\/figure>\n<\/figure>\n\n\n\n<div style=\"height:16px\" aria-hidden=\"true\" class=\"wp-block-spacer\"><\/div>\n\n\n\n<p>Tsasouna t\u00e4ydent\u00e4\u00e4 saaren muuta virkistysvarustusta ja tarjoaa hiljentymisen, kulttuuriperinn\u00f6n ja yhteis\u00f6llisyyden paikan kaikille k\u00e4vij\u00f6ille. Portaiden ansiosta rakennukselle p\u00e4\u00e4see turvallisesti my\u00f6s i\u00e4kk\u00e4\u00e4mm\u00e4t vieraat.<\/p>\n\n\n\n<p>Hanke on saanut Leader-rahoitusta Joensuun seudun Leaderilta ja muu alueen huoltotarpeet ovat saaneet Joensuun kaupungin tukea.<\/p>\n\n\n\n<p>Tsasounan omistaa Korpisel\u00e4n Pit\u00e4j\u00e4seura ry, mutta kaikista Lammassaaren rakennelmista huolehditaan yhteisvastuullisesti kyl\u00e4l\u00e4isten, Korpij\u00e4rven osakaskunnan ja Korpisel\u00e4n Pit\u00e4j\u00e4seura ry:n kesken. Pit\u00e4j\u00e4seura vastaa tarvittaessa huolto- ja yll\u00e4pitotoimista, kuten maalauksista ja rakenteiden tarkistuksista.<\/p>\n\n\n\n<p>Tsasouna on kaikille avoin ja maksuton k\u00e4yntikohde. Saareen j\u00e4rjestet\u00e4\u00e4n vuosittain ristisaatto, ja tsasouna on jatkossa osa t\u00e4m\u00e4n tapahtuman reitti\u00e4 ja sen hengellist\u00e4 perinnett\u00e4.<\/p>\n\n\n\n<p>K\u00e4ytt\u00e4jien toivotaan kunnioittavan paikkaa ja pit\u00e4v\u00e4n sen siistin\u00e4, muistuttaa tsasounan is\u00e4nn\u00f6itsij\u00e4ksi valittu Olli Tolvanen.<\/p>\n\n\n\n<div style=\"height:19px\" aria-hidden=\"true\" class=\"wp-block-spacer\"><\/div>\n\n\n\n<figure class=\"wp-block-image size-full\"><a href=\"https:\/\/korpiselka.fi\/wp-content\/uploads\/2026\/01\/Eu.jpg\"><img loading=\"lazy\" width=\"691\" height=\"143\" src=\"https:\/\/korpiselka.fi\/wp-content\/uploads\/2026\/01\/Eu.jpg\" alt=\"\" class=\"wp-image-956\" srcset=\"https:\/\/korpiselka.fi\/wp-content\/uploads\/2026\/01\/Eu.jpg 691w, https:\/\/korpiselka.fi\/wp-content\/uploads\/2026\/01\/Eu-300x62.jpg 300w\" sizes=\"(max-width: 691px) 100vw, 691px\" \/><\/a><\/figure>\n\n\n\n<div style=\"height:36px\" aria-hidden=\"true\" class=\"wp-block-spacer\"><\/div>\n\n\n\n<h2 class=\"has-text-align-center\"><strong>Talkookuvia<\/strong><\/h2>\n\n\n\n<p>Kuvia voi klikata suuremmaksi<\/p>\n\n\n\n<figure class=\"wp-block-gallery has-nested-images columns-default is-cropped\">\n<figure class=\"wp-block-image size-large\"><a href=\"https:\/\/korpiselka.fi\/wp-content\/uploads\/2026\/01\/Kuva-5.jpg\"><img loading=\"lazy\" width=\"576\" height=\"1024\" data-id=\"958\"  src=\"https:\/\/korpiselka.fi\/wp-content\/uploads\/2026\/01\/Kuva-5-576x1024.jpg\" alt=\"\" class=\"wp-image-958\" srcset=\"https:\/\/korpiselka.fi\/wp-content\/uploads\/2026\/01\/Kuva-5-576x1024.jpg 576w, https:\/\/korpiselka.fi\/wp-content\/uploads\/2026\/01\/Kuva-5-169x300.jpg 169w, https:\/\/korpiselka.fi\/wp-content\/uploads\/2026\/01\/Kuva-5-768x1366.jpg 768w, https:\/\/korpiselka.fi\/wp-content\/uploads\/2026\/01\/Kuva-5-864x1536.jpg 864w, https:\/\/korpiselka.fi\/wp-content\/uploads\/2026\/01\/Kuva-5.jpg 899w\" sizes=\"(max-width: 576px) 100vw, 576px\" \/><\/a><\/figure>\n\n\n\n<figure class=\"wp-block-image size-large\"><a href=\"https:\/\/korpiselka.fi\/wp-content\/uploads\/2026\/01\/Kuva-6.jpg\"><img loading=\"lazy\" width=\"554\" height=\"985\" data-id=\"962\"  src=\"https:\/\/korpiselka.fi\/wp-content\/uploads\/2026\/01\/Kuva-6.jpg\" alt=\"\" class=\"wp-image-962\" srcset=\"https:\/\/korpiselka.fi\/wp-content\/uploads\/2026\/01\/Kuva-6.jpg 554w, https:\/\/korpiselka.fi\/wp-content\/uploads\/2026\/01\/Kuva-6-169x300.jpg 169w\" sizes=\"(max-width: 554px) 100vw, 554px\" \/><\/a><\/figure>\n\n\n\n<figure class=\"wp-block-image size-large\"><a href=\"https:\/\/korpiselka.fi\/wp-content\/uploads\/2026\/01\/Kuva-7.jpg\"><img loading=\"lazy\" width=\"609\" height=\"342\" data-id=\"959\"  src=\"https:\/\/korpiselka.fi\/wp-content\/uploads\/2026\/01\/Kuva-7.jpg\" alt=\"\" class=\"wp-image-959\" srcset=\"https:\/\/korpiselka.fi\/wp-content\/uploads\/2026\/01\/Kuva-7.jpg 609w, https:\/\/korpiselka.fi\/wp-content\/uploads\/2026\/01\/Kuva-7-300x168.jpg 300w\" sizes=\"(max-width: 609px) 100vw, 609px\" \/><\/a><\/figure>\n\n\n\n<figure class=\"wp-block-image size-large\"><a href=\"https:\/\/korpiselka.fi\/wp-content\/uploads\/2026\/01\/Kuva-8.jpg\"><img loading=\"lazy\" width=\"614\" height=\"345\" data-id=\"957\"  src=\"https:\/\/korpiselka.fi\/wp-content\/uploads\/2026\/01\/Kuva-8.jpg\" alt=\"\" class=\"wp-image-957\" srcset=\"https:\/\/korpiselka.fi\/wp-content\/uploads\/2026\/01\/Kuva-8.jpg 614w, https:\/\/korpiselka.fi\/wp-content\/uploads\/2026\/01\/Kuva-8-300x169.jpg 300w\" sizes=\"(max-width: 614px) 100vw, 614px\" \/><\/a><\/figure>\n\n\n\n<figure class=\"wp-block-image size-large\"><a href=\"https:\/\/korpiselka.fi\/wp-content\/uploads\/2026\/01\/Kuva-9.jpg\"><img loading=\"lazy\" width=\"659\" height=\"371\" data-id=\"960\"  src=\"https:\/\/korpiselka.fi\/wp-content\/uploads\/2026\/01\/Kuva-9.jpg\" alt=\"\" class=\"wp-image-960\" srcset=\"https:\/\/korpiselka.fi\/wp-content\/uploads\/2026\/01\/Kuva-9.jpg 659w, https:\/\/korpiselka.fi\/wp-content\/uploads\/2026\/01\/Kuva-9-300x169.jpg 300w\" sizes=\"(max-width: 659px) 100vw, 659px\" \/><\/a><\/figure>\n\n\n\n<figure class=\"wp-block-image size-large\"><a href=\"https:\/\/korpiselka.fi\/wp-content\/uploads\/2026\/01\/Kuva-10.jpg\"><img loading=\"lazy\" width=\"696\" height=\"391\" data-id=\"961\"  src=\"https:\/\/korpiselka.fi\/wp-content\/uploads\/2026\/01\/Kuva-10.jpg\" alt=\"\" class=\"wp-image-961\" srcset=\"https:\/\/korpiselka.fi\/wp-content\/uploads\/2026\/01\/Kuva-10.jpg 696w, https:\/\/korpiselka.fi\/wp-content\/uploads\/2026\/01\/Kuva-10-300x169.jpg 300w\" sizes=\"(max-width: 696px) 100vw, 696px\" \/><\/a><\/figure>\n<\/figure>\n\n\n\n<figure class=\"wp-block-gallery has-nested-images columns-default is-cropped\">\n<figure class=\"wp-block-image size-large\"><a href=\"https:\/\/korpiselka.fi\/wp-content\/uploads\/2026\/01\/Kuva-11.jpg\"><img loading=\"lazy\" width=\"577\" height=\"1024\" data-id=\"965\"  src=\"https:\/\/korpiselka.fi\/wp-content\/uploads\/2026\/01\/Kuva-11-577x1024.jpg\" alt=\"\" class=\"wp-image-965\" srcset=\"https:\/\/korpiselka.fi\/wp-content\/uploads\/2026\/01\/Kuva-11-577x1024.jpg 577w, https:\/\/korpiselka.fi\/wp-content\/uploads\/2026\/01\/Kuva-11-169x300.jpg 169w, https:\/\/korpiselka.fi\/wp-content\/uploads\/2026\/01\/Kuva-11.jpg 593w\" sizes=\"(max-width: 577px) 100vw, 577px\" \/><\/a><\/figure>\n\n\n\n<figure class=\"wp-block-image size-large\"><a href=\"https:\/\/korpiselka.fi\/wp-content\/uploads\/2026\/01\/Kuva-12.jpg\"><img loading=\"lazy\" width=\"577\" height=\"1024\" data-id=\"968\"  src=\"https:\/\/korpiselka.fi\/wp-content\/uploads\/2026\/01\/Kuva-12-577x1024.jpg\" alt=\"\" class=\"wp-image-968\" srcset=\"https:\/\/korpiselka.fi\/wp-content\/uploads\/2026\/01\/Kuva-12-577x1024.jpg 577w, https:\/\/korpiselka.fi\/wp-content\/uploads\/2026\/01\/Kuva-12-169x300.jpg 169w, https:\/\/korpiselka.fi\/wp-content\/uploads\/2026\/01\/Kuva-12.jpg 593w\" sizes=\"(max-width: 577px) 100vw, 577px\" \/><\/a><\/figure>\n\n\n\n<figure class=\"wp-block-image size-large\"><a href=\"https:\/\/korpiselka.fi\/wp-content\/uploads\/2026\/01\/Kuva-13.jpg\"><img loading=\"lazy\" width=\"943\" height=\"530\" data-id=\"969\"  src=\"https:\/\/korpiselka.fi\/wp-content\/uploads\/2026\/01\/Kuva-13.jpg\" alt=\"\" class=\"wp-image-969\" srcset=\"https:\/\/korpiselka.fi\/wp-content\/uploads\/2026\/01\/Kuva-13.jpg 943w, https:\/\/korpiselka.fi\/wp-content\/uploads\/2026\/01\/Kuva-13-300x169.jpg 300w, https:\/\/korpiselka.fi\/wp-content\/uploads\/2026\/01\/Kuva-13-768x432.jpg 768w\" sizes=\"(max-width: 943px) 100vw, 943px\" \/><\/a><\/figure>\n\n\n\n<figure class=\"wp-block-image size-large\"><a href=\"https:\/\/korpiselka.fi\/wp-content\/uploads\/2026\/01\/Kuva-14.jpg\"><img loading=\"lazy\" width=\"436\" height=\"775\" data-id=\"967\"  src=\"https:\/\/korpiselka.fi\/wp-content\/uploads\/2026\/01\/Kuva-14.jpg\" alt=\"\" class=\"wp-image-967\" srcset=\"https:\/\/korpiselka.fi\/wp-content\/uploads\/2026\/01\/Kuva-14.jpg 436w, https:\/\/korpiselka.fi\/wp-content\/uploads\/2026\/01\/Kuva-14-169x300.jpg 169w\" sizes=\"(max-width: 436px) 100vw, 436px\" \/><\/a><\/figure>\n\n\n\n<figure class=\"wp-block-image size-large\"><a href=\"https:\/\/korpiselka.fi\/wp-content\/uploads\/2026\/01\/Kuva-16.jpg\"><img loading=\"lazy\" width=\"506\" height=\"899\" data-id=\"970\"  src=\"https:\/\/korpiselka.fi\/wp-content\/uploads\/2026\/01\/Kuva-16.jpg\" alt=\"\" class=\"wp-image-970\" srcset=\"https:\/\/korpiselka.fi\/wp-content\/uploads\/2026\/01\/Kuva-16.jpg 506w, https:\/\/korpiselka.fi\/wp-content\/uploads\/2026\/01\/Kuva-16-169x300.jpg 169w\" sizes=\"(max-width: 506px) 100vw, 506px\" \/><\/a><\/figure>\n\n\n\n<figure class=\"wp-block-image size-large\"><a href=\"https:\/\/korpiselka.fi\/wp-content\/uploads\/2026\/01\/Kuva-17.jpg\"><img loading=\"lazy\" width=\"506\" height=\"899\" data-id=\"966\"  src=\"https:\/\/korpiselka.fi\/wp-content\/uploads\/2026\/01\/Kuva-17.jpg\" alt=\"\" class=\"wp-image-966\" srcset=\"https:\/\/korpiselka.fi\/wp-content\/uploads\/2026\/01\/Kuva-17.jpg 506w, https:\/\/korpiselka.fi\/wp-content\/uploads\/2026\/01\/Kuva-17-169x300.jpg 169w\" sizes=\"(max-width: 506px) 100vw, 506px\" \/><\/a><\/figure>\n\n\n\n<figure class=\"wp-block-image size-large\"><a href=\"https:\/\/korpiselka.fi\/wp-content\/uploads\/2026\/01\/Kuva-15.jpg\"><img loading=\"lazy\" width=\"488\" height=\"366\" data-id=\"964\"  src=\"https:\/\/korpiselka.fi\/wp-content\/uploads\/2026\/01\/Kuva-15.jpg\" alt=\"\" class=\"wp-image-964\" srcset=\"https:\/\/korpiselka.fi\/wp-content\/uploads\/2026\/01\/Kuva-15.jpg 488w, https:\/\/korpiselka.fi\/wp-content\/uploads\/2026\/01\/Kuva-15-300x225.jpg 300w\" sizes=\"(max-width: 488px) 100vw, 488px\" \/><\/a><\/figure>\n<\/figure>\n\n\n\n<figure class=\"wp-block-gallery has-nested-images columns-2 is-cropped\">\n<figure class=\"wp-block-image size-large\"><a href=\"https:\/\/korpiselka.fi\/wp-content\/uploads\/2026\/01\/Kuva-18.jpg\"><img loading=\"lazy\" width=\"762\" height=\"455\" data-id=\"973\"  src=\"https:\/\/korpiselka.fi\/wp-content\/uploads\/2026\/01\/Kuva-18.jpg\" alt=\"\" class=\"wp-image-973\" srcset=\"https:\/\/korpiselka.fi\/wp-content\/uploads\/2026\/01\/Kuva-18.jpg 762w, https:\/\/korpiselka.fi\/wp-content\/uploads\/2026\/01\/Kuva-18-300x179.jpg 300w\" sizes=\"(max-width: 762px) 100vw, 762px\" \/><\/a><\/figure>\n\n\n\n<figure class=\"wp-block-image size-large\"><a href=\"https:\/\/korpiselka.fi\/wp-content\/uploads\/2026\/01\/Kuva-19.jpg\"><img loading=\"lazy\" width=\"600\" height=\"450\" data-id=\"972\"  src=\"https:\/\/korpiselka.fi\/wp-content\/uploads\/2026\/01\/Kuva-19.jpg\" alt=\"\" class=\"wp-image-972\" srcset=\"https:\/\/korpiselka.fi\/wp-content\/uploads\/2026\/01\/Kuva-19.jpg 600w, https:\/\/korpiselka.fi\/wp-content\/uploads\/2026\/01\/Kuva-19-300x225.jpg 300w\" sizes=\"(max-width: 600px) 100vw, 600px\" \/><\/a><\/figure>\n\n\n\n<figure class=\"wp-block-image size-large\"><a href=\"https:\/\/korpiselka.fi\/wp-content\/uploads\/2026\/01\/Lammassaaren-pyhatto-1.jpg\"><img loading=\"lazy\" width=\"625\" height=\"470\" data-id=\"974\"  src=\"https:\/\/korpiselka.fi\/wp-content\/uploads\/2026\/01\/Lammassaaren-pyhatto-1.jpg\" alt=\"\" class=\"wp-image-974\" srcset=\"https:\/\/korpiselka.fi\/wp-content\/uploads\/2026\/01\/Lammassaaren-pyhatto-1.jpg 625w, https:\/\/korpiselka.fi\/wp-content\/uploads\/2026\/01\/Lammassaaren-pyhatto-1-300x226.jpg 300w\" sizes=\"(max-width: 625px) 100vw, 625px\" \/><\/a><\/figure>\n<\/figure>\n","protected":false},"excerpt":{"rendered":"<p>Korpisel\u00e4n Pit\u00e4j\u00e4seura ja ahkerat talkoolaiset ovat uurastaneet Hoilolassa ja heid\u00e4n ansiostaan Korpij\u00e4rven Lammassaareen on kohonnut uusi pieni pyh\u00e4tt\u00f6rakennus. Idea tsasounasta tuli Hoilolan kyl\u00e4l\u00e4isilt\u00e4, jotka pyysiv\u00e4t Korpisel\u00e4n Pit\u00e4j\u00e4seuraa hankkeen hallinnoijaksi. Korpisel\u00e4n Pit\u00e4j\u00e4seuralla on kokemusta aikaisemmista hankkeista, joten seura p\u00e4\u00e4tti l\u00e4hte\u00e4 hankkeen toteuttajaksi. Ensin neuvoteltiin Korpij\u00e4rven osakaskunnan kanssa lupa tsasounan rakentamiselle osakaskunnan omistamaan Lammassaareen. Hanke k\u00e4ynnistyi alkuvuodesta [&hellip;]<\/p>\n","protected":false},"author":7,"featured_media":972,"parent":0,"menu_order":0,"comment_status":"closed","ping_status":"closed","template":"","meta":[],"_links":{"self":[{"href":"https:\/\/korpiselka.fi\/index.php?rest_route=\/wp\/v2\/pages\/950"}],"collection":[{"href":"https:\/\/korpiselka.fi\/index.php?rest_route=\/wp\/v2\/pages"}],"about":[{"href":"https:\/\/korpiselka.fi\/index.php?rest_route=\/wp\/v2\/types\/page"}],"author":[{"embeddable":true,"href":"https:\/\/korpiselka.fi\/index.php?rest_route=\/wp\/v2\/users\/7"}],"replies":[{"embeddable":true,"href":"https:\/\/korpiselka.fi\/index.php?rest_route=%2Fwp%2Fv2%2Fcomments&post=950"}],"version-history":[{"count":6,"href":"https:\/\/korpiselka.fi\/index.php?rest_route=\/wp\/v2\/pages\/950\/revisions"}],"predecessor-version":[{"id":978,"href":"https:\/\/korpiselka.fi\/index.php?rest_route=\/wp\/v2\/pages\/950\/revisions\/978"}],"wp:featuredmedia":[{"embeddable":true,"href":"https:\/\/korpiselka.fi\/index.php?rest_route=\/wp\/v2\/media\/972"}],"wp:attachment":[{"href":"https:\/\/korpiselka.fi\/index.php?rest_route=%2Fwp%2Fv2%2Fmedia&parent=950"}],"curies":[{"name":"wp","href":"https:\/\/api.w.org\/{rel}","templated":true}]}}