{"id":880,"date":"2024-09-16T21:14:12","date_gmt":"2024-09-16T19:14:12","guid":{"rendered":"https:\/\/korpiselka.fi\/?page_id=880"},"modified":"2024-09-22T10:22:38","modified_gmt":"2024-09-22T08:22:38","slug":"maanpuolustusjuhla-7-9-2024","status":"publish","type":"page","link":"https:\/\/korpiselka.fi\/?page_id=880","title":{"rendered":"MAANPUOLUSTUSJUHLA 7.9.2024"},"content":{"rendered":"\n<h2 class=\"wp-block-heading\"><strong>Maanpuolustusjuhlaa vietettiin arvokkaasti muistoja vaalien<\/strong><\/h2>\n\n\n\n<p>Korpisel\u00e4n Pit\u00e4j\u00e4seura ja Tolvaj\u00e4rven taistelujen muistoa vaaliva Tolvaj\u00e4rvi-toimikunta j\u00e4rjestiv\u00e4t Maanpuolustusjuhlan tilaisuuksineen 7.9. Hoilolassa. &nbsp;Juhla j\u00e4rjestettiin Joensuun kaupungin, OP Vaara-Karjalan sek\u00e4 Vornasten Sukuseuran tuella.<\/p>\n\n\n\n<p>Tilaisuudet sijoittuivat Hoilolan ortodoksiselle kirkolle sek\u00e4 Korpiselk\u00e4-talolle. Korpiselk\u00e4-talo tarjosi oivat puitteet t\u00e4lle viiden vuoden v\u00e4lein j\u00e4rjestett\u00e4v\u00e4lle tapahtumalle. Tapahtumaa on j\u00e4rjestetty aina 80-luvulta l\u00e4htien.<\/p>\n\n\n\n<p>Liturgian j\u00e4lkeen toimitettiin seppelten lasku kirkon yhteydess\u00e4 sijaitsevalle muistomerkille ja pidettiin ekumeeninen muistohetki, mukaan lukien ortodoksinen vainajien muistelulitania. Pappeina toimivat Vaara-Karjalan seurakunnan kirkkoherra Ville Ojala ja Joensuun ortodoksisesta seurakunnasta aluepappi, pastori Harri Linna.<\/p>\n\n\n\n<p>(Kuvat saa klikkaamalla suuremmaksi.)<\/p>\n\n\n\n<figure class=\"wp-block-gallery has-nested-images columns-default is-cropped wp-block-gallery-1 is-layout-flex wp-block-gallery-is-layout-flex\">\n<figure class=\"wp-block-image size-large\"><a href=\"https:\/\/korpiselka.fi\/wp-content\/uploads\/2024\/09\/30-scaled.jpg\"><img loading=\"lazy\" decoding=\"async\" width=\"2560\" height=\"1707\" data-id=\"924\" src=\"https:\/\/korpiselka.fi\/wp-content\/uploads\/2024\/09\/30-scaled.jpg\" alt=\"\" class=\"wp-image-924\" srcset=\"https:\/\/korpiselka.fi\/wp-content\/uploads\/2024\/09\/30-scaled.jpg 2560w, https:\/\/korpiselka.fi\/wp-content\/uploads\/2024\/09\/30-300x200.jpg 300w, https:\/\/korpiselka.fi\/wp-content\/uploads\/2024\/09\/30-1024x683.jpg 1024w, https:\/\/korpiselka.fi\/wp-content\/uploads\/2024\/09\/30-768x512.jpg 768w, https:\/\/korpiselka.fi\/wp-content\/uploads\/2024\/09\/30-1536x1024.jpg 1536w, https:\/\/korpiselka.fi\/wp-content\/uploads\/2024\/09\/30-2048x1365.jpg 2048w\" sizes=\"auto, (max-width: 2560px) 100vw, 2560px\" \/><\/a><\/figure>\n\n\n\n<figure class=\"wp-block-image size-large\"><a href=\"https:\/\/korpiselka.fi\/wp-content\/uploads\/2024\/09\/32.jpg\"><img decoding=\"async\" data-id=\"921\" src=\"https:\/\/korpiselka.fi\/wp-content\/uploads\/2024\/09\/32.jpg\" alt=\"\" class=\"wp-image-921\"\/><\/a><\/figure>\n\n\n\n<figure class=\"wp-block-image size-large\"><a href=\"https:\/\/korpiselka.fi\/wp-content\/uploads\/2024\/09\/31-scaled.jpg\"><img loading=\"lazy\" decoding=\"async\" width=\"2560\" height=\"1707\" data-id=\"923\" src=\"https:\/\/korpiselka.fi\/wp-content\/uploads\/2024\/09\/31-scaled.jpg\" alt=\"\" class=\"wp-image-923\" srcset=\"https:\/\/korpiselka.fi\/wp-content\/uploads\/2024\/09\/31-scaled.jpg 2560w, https:\/\/korpiselka.fi\/wp-content\/uploads\/2024\/09\/31-300x200.jpg 300w\" sizes=\"auto, (max-width: 2560px) 100vw, 2560px\" \/><\/a><\/figure>\n\n\n\n<figure class=\"wp-block-image size-large\"><a href=\"https:\/\/korpiselka.fi\/wp-content\/uploads\/2024\/09\/33.jpg\"><img decoding=\"async\" data-id=\"922\" src=\"https:\/\/korpiselka.fi\/wp-content\/uploads\/2024\/09\/33.jpg\" alt=\"\" class=\"wp-image-922\"\/><\/a><\/figure>\n<\/figure>\n\n\n\n<div style=\"height:17px\" aria-hidden=\"true\" class=\"wp-block-spacer\"><\/div>\n\n\n\n<p>Juhlatilaisuuden alussa Korpiselk\u00e4-talon edustalla Suomen lipun liehuessa laulettiin Maamme-laulu. P\u00e4iv\u00e4n juhlassa kuultiin puheita ja musiikkiesityksi\u00e4. Juhlapuheen piti Tolvaj\u00e4rvi-toimikunnasta puheenjohtaja Juhani Talvela.<\/p>\n\n\n\n<p>Korpisel\u00e4n Pit\u00e4j\u00e4seuran puheenjohtaja Jaakko Jeskanen lausui tilaisuuden aluksi tervehdyssanat ja muistutti perinteeksi muodostuneen maanpuolustusjuhlan periaatteesta pit\u00e4\u00e4 juhla aina niin\u00e4 vuosina, joiden vuosiluku p\u00e4\u00e4ttyy neloseen tai yhdeks\u00e4\u00e4n. T\u00e4m\u00e4 tapa juontaa talvisodan alkamisen ja jatkosodan p\u00e4\u00e4ttymisen vuosiluvuista.<\/p>\n\n\n\n<div style=\"height:18px\" aria-hidden=\"true\" class=\"wp-block-spacer\"><\/div>\n\n\n\n<figure class=\"wp-block-gallery has-nested-images columns-default is-cropped wp-block-gallery-2 is-layout-flex wp-block-gallery-is-layout-flex\">\n<figure class=\"wp-block-image size-large\"><a href=\"https:\/\/korpiselka.fi\/wp-content\/uploads\/2024\/09\/34-scaled.jpg\"><img loading=\"lazy\" decoding=\"async\" width=\"2560\" height=\"1707\" data-id=\"926\" src=\"https:\/\/korpiselka.fi\/wp-content\/uploads\/2024\/09\/34-scaled.jpg\" alt=\"\" class=\"wp-image-926\" srcset=\"https:\/\/korpiselka.fi\/wp-content\/uploads\/2024\/09\/34-scaled.jpg 2560w, https:\/\/korpiselka.fi\/wp-content\/uploads\/2024\/09\/34-300x200.jpg 300w, https:\/\/korpiselka.fi\/wp-content\/uploads\/2024\/09\/34-1024x683.jpg 1024w, https:\/\/korpiselka.fi\/wp-content\/uploads\/2024\/09\/34-768x512.jpg 768w, https:\/\/korpiselka.fi\/wp-content\/uploads\/2024\/09\/34-1536x1024.jpg 1536w, https:\/\/korpiselka.fi\/wp-content\/uploads\/2024\/09\/34-2048x1365.jpg 2048w\" sizes=\"auto, (max-width: 2560px) 100vw, 2560px\" \/><\/a><figcaption><em>Joensuun Naiskuoro<\/em><\/figcaption><\/figure>\n\n\n\n<figure class=\"wp-block-image size-large\"><a href=\"https:\/\/korpiselka.fi\/wp-content\/uploads\/2024\/09\/25-scaled.jpg\"><img loading=\"lazy\" decoding=\"async\" width=\"2560\" height=\"1707\" data-id=\"925\" src=\"https:\/\/korpiselka.fi\/wp-content\/uploads\/2024\/09\/25-scaled.jpg\" alt=\"\" class=\"wp-image-925\" srcset=\"https:\/\/korpiselka.fi\/wp-content\/uploads\/2024\/09\/25-scaled.jpg 2560w, https:\/\/korpiselka.fi\/wp-content\/uploads\/2024\/09\/25-300x200.jpg 300w\" sizes=\"auto, (max-width: 2560px) 100vw, 2560px\" \/><\/a><figcaption><em>Korpisel\u00e4n Pit\u00e4j\u00e4seuran puheenjohtaja Jaakko Jeskanen ja Vornasten Sukuseuran puheenjohtaja Lea Tajakka<\/em><\/figcaption><\/figure>\n<\/figure>\n\n\n\n<div style=\"height:17px\" aria-hidden=\"true\" class=\"wp-block-spacer\"><\/div>\n\n\n\n<p>Ilomantsin rajavartioaseman p\u00e4\u00e4llikk\u00f6 kapteeni Janne Natri toi tilaisuuteen Pohjois-Karjalan rajavartioston tervehdyksen. Joensuun kaupungin tervehdyksen lausui valtiop\u00e4iv\u00e4neuvos Matti V\u00e4ist\u00f6 sek\u00e4 juhlatoimikunnan j\u00e4sen, mm. entisen\u00e4 Tuupovaaran kunnanjohtajana, sittemmin Joensuun kaupunginsihteerin\u00e4 toiminut Jari Horttanainen lausui tilaisuuden p\u00e4\u00e4t\u00f6ssanat.<\/p>\n\n\n\n<p>MPK Savo-Karjalan soittokunta soitti useita esityksi\u00e4 johtajanaan Mika Hirvonen. Tunnelmaa loivat <em>Karjalan J\u00e4\u00e4k\u00e4rien marssi<\/em>, <em>Veteraanin iltahuuto<\/em>, <em>Muistoja Pohjolasta<\/em> ja <em>\u00c4\u00e4nisen aallot<\/em>. Joensuun Naiskuoro esiintyi johtajanaan P\u00e4ivi Vesala. Naiskuoron ohjelmassa oli mm. kappale <em>On suuri sun rantas autius<\/em>. Lis\u00e4ksi yhten\u00e4 numerona oli laulu Lauri Viidan tekstiin, mik\u00e4 oli kiinnostava yhtym\u00e4kohta paikallisestikin. Viitahan viiv\u00e4hti jatkosotavaiheissaan my\u00f6s Korpisel\u00e4ll\u00e4 ja oli pidempi\u00e4 aikoja V\u00e4rtsil\u00e4ss\u00e4.<\/p>\n\n\n\n<p>Lis\u00e4ksi laulettiin yhteislauluina <em>Karjalaisten laulu<\/em> sek\u00e4 <em>Maamme-laulu<\/em> sek\u00e4 kuultiin lausuntaa Ritva Rautasen esitt\u00e4m\u00e4n\u00e4. Tilaisuuden juonsi Mari Matveinen.<\/p>\n\n\n\n<p>Osanotto oli runsas, p\u00e4\u00e4juhlaan osallistui runsaat 150 henke\u00e4. Korpiselk\u00e4-talon ravitsemustarjoilu oli kauempaakin tulleille mieleen. P\u00e4iv\u00e4n kruunasi l\u00e4mm\u00f6ll\u00e4\u00e4n helliv\u00e4 s\u00e4\u00e4.<\/p>\n\n\n\n<p><em>Teksti Lea Tajakka. Kuvat Matti Holopainen<\/em><\/p>\n\n\n\n<hr class=\"wp-block-separator is-style-dots\"\/>\n\n\n\n<h1 class=\"wp-block-heading\"><strong>Seppelten lasku ja ekumeeninen muistopalvelus<\/strong><\/h1>\n\n\n\n<p>Tilaisuus alkoi klo 9 liturgialla Hoilolan ortodoksisessa kirkossa. Sen j\u00e4lkeen laskettiin seppeleet kirkon vieress\u00e4 olevalle muistomerkille ja pidettiin ekumeeninen muistopalvelus. Muistopalveluksen toimittivat pastori Harri Linna Joensuun ortodoksisesta seurakunnasta ja kirkkoherra Ville Ojala Vaara-Karjalan luterilaisesta seurakunnasta.<\/p>\n\n\n\n<p>(Kuvat saa klikkaamalla suuremmaksi.)<\/p>\n\n\n\n<figure class=\"wp-block-gallery has-nested-images columns-2 is-cropped wp-block-gallery-3 is-layout-flex wp-block-gallery-is-layout-flex\">\n<figure class=\"wp-block-image size-large\"><a href=\"https:\/\/korpiselka.fi\/wp-content\/uploads\/2024\/09\/1.jpg\"><img decoding=\"async\" data-id=\"883\" src=\"https:\/\/korpiselka.fi\/wp-content\/uploads\/2024\/09\/1.jpg\" alt=\"\" class=\"wp-image-883\"\/><\/a><figcaption><em>Korpisel\u00e4n Pit\u00e4j\u00e4seura<\/em><\/figcaption><\/figure>\n\n\n\n<figure class=\"wp-block-image size-large\"><a href=\"https:\/\/korpiselka.fi\/wp-content\/uploads\/2024\/09\/9.jpg\"><img decoding=\"async\" data-id=\"888\" src=\"https:\/\/korpiselka.fi\/wp-content\/uploads\/2024\/09\/9.jpg\" alt=\"\" class=\"wp-image-888\"\/><\/a><figcaption><em>Tolvaj\u00e4rvi-toimikunta<\/em><\/figcaption><\/figure>\n\n\n\n<figure class=\"wp-block-image size-large\"><a href=\"https:\/\/korpiselka.fi\/wp-content\/uploads\/2024\/09\/12.jpg\"><img decoding=\"async\" data-id=\"885\" src=\"https:\/\/korpiselka.fi\/wp-content\/uploads\/2024\/09\/12.jpg\" alt=\"\" class=\"wp-image-885\"\/><\/a><figcaption><em>Kunniavartio<\/em><\/figcaption><\/figure>\n\n\n\n<figure class=\"wp-block-image size-large\"><a href=\"https:\/\/korpiselka.fi\/wp-content\/uploads\/2024\/09\/10-scaled.jpg\"><img loading=\"lazy\" decoding=\"async\" width=\"2560\" height=\"1707\" data-id=\"887\" src=\"https:\/\/korpiselka.fi\/wp-content\/uploads\/2024\/09\/10-scaled.jpg\" alt=\"\" class=\"wp-image-887\" srcset=\"https:\/\/korpiselka.fi\/wp-content\/uploads\/2024\/09\/10-scaled.jpg 2560w, https:\/\/korpiselka.fi\/wp-content\/uploads\/2024\/09\/10-300x200.jpg 300w\" sizes=\"auto, (max-width: 2560px) 100vw, 2560px\" \/><\/a><figcaption><em>Pastori Harri Linna<\/em><\/figcaption><\/figure>\n\n\n\n<figure class=\"wp-block-image size-large\"><a href=\"https:\/\/korpiselka.fi\/wp-content\/uploads\/2024\/09\/11.jpg\"><img decoding=\"async\" data-id=\"886\" src=\"https:\/\/korpiselka.fi\/wp-content\/uploads\/2024\/09\/11.jpg\" alt=\"\" class=\"wp-image-886\"\/><\/a><figcaption><em>Kirkkoherra Ville Ojala<\/em><\/figcaption><\/figure>\n\n\n\n<figure class=\"wp-block-image size-large\"><a href=\"https:\/\/korpiselka.fi\/wp-content\/uploads\/2024\/09\/13-scaled.jpg\"><img loading=\"lazy\" decoding=\"async\" width=\"2560\" height=\"1707\" data-id=\"884\" src=\"https:\/\/korpiselka.fi\/wp-content\/uploads\/2024\/09\/13-scaled.jpg\" alt=\"\" class=\"wp-image-884\" srcset=\"https:\/\/korpiselka.fi\/wp-content\/uploads\/2024\/09\/13-scaled.jpg 2560w, https:\/\/korpiselka.fi\/wp-content\/uploads\/2024\/09\/13-300x200.jpg 300w, https:\/\/korpiselka.fi\/wp-content\/uploads\/2024\/09\/13-1024x683.jpg 1024w, https:\/\/korpiselka.fi\/wp-content\/uploads\/2024\/09\/13-768x512.jpg 768w, https:\/\/korpiselka.fi\/wp-content\/uploads\/2024\/09\/13-1536x1024.jpg 1536w, https:\/\/korpiselka.fi\/wp-content\/uploads\/2024\/09\/13-2048x1365.jpg 2048w\" sizes=\"auto, (max-width: 2560px) 100vw, 2560px\" \/><\/a><figcaption><em>Juhlayleis\u00f6\u00e4<\/em><\/figcaption><\/figure>\n<\/figure>\n\n\n\n<h3 class=\"wp-block-heading\"><strong>Videolla seppelten lasku ja ekumeeninen palvelus<\/strong><\/h3>\n\n\n\n<figure class=\"wp-block-embed is-type-video is-provider-youtube wp-block-embed-youtube wp-embed-aspect-16-9 wp-has-aspect-ratio\"><div class=\"wp-block-embed__wrapper\">\n<iframe loading=\"lazy\" title=\"Seppeleenlasku Hoilolan kirkolla 7. 9.2024\" width=\"648\" height=\"365\" src=\"https:\/\/www.youtube.com\/embed\/SaePTF3BO6Q?feature=oembed\" frameborder=\"0\" allow=\"accelerometer; autoplay; clipboard-write; encrypted-media; gyroscope; picture-in-picture; web-share\" referrerpolicy=\"strict-origin-when-cross-origin\" allowfullscreen><\/iframe>\n<\/div><\/figure>\n\n\n\n<p>Muistomerkki on pystytetty 1977 ja siin\u00e4 on kanteleen kuvan lis\u00e4ksi teksti: <\/p>\n\n\n\n<div class=\"wp-block-group\"><div class=\"wp-block-group__inner-container is-layout-flow wp-block-group-is-layout-flow\">\n<div class=\"wp-block-group has-cyan-bluish-gray-background-color has-background\"><div class=\"wp-block-group__inner-container is-layout-flow wp-block-group-is-layout-flow\">\n<p class=\"has-text-align-center\"><strong>RUNON JA LAULUN KORPISELK\u00c4<\/strong><\/p>\n\n\n\n<p class=\"has-text-align-center\"><strong>RAJANTAAKSE J\u00c4\u00c4NEIDEN KORPISELK\u00c4L\u00c4ISTEN SUKUPOLVIEN MUISTOKSI<\/strong><\/p>\n<\/div><\/div>\n<\/div><\/div>\n\n\n\n<p>Tilaisuus jatkui ruokailulla ja klo 13 alkaneella juhlatilaisuudella.<\/p>\n\n\n\n<hr class=\"wp-block-separator is-style-dots\"\/>\n\n\n\n<h1 class=\"wp-block-heading\"><strong>Maanpuolustusjuhla Korpiselk\u00e4talolla<\/strong><\/h1>\n\n\n\n<figure class=\"wp-block-gallery has-nested-images columns-2 is-cropped wp-block-gallery-4 is-layout-flex wp-block-gallery-is-layout-flex\">\n<figure class=\"wp-block-image size-large\"><a href=\"https:\/\/korpiselka.fi\/wp-content\/uploads\/2024\/09\/3-scaled.jpg\"><img loading=\"lazy\" decoding=\"async\" width=\"2560\" height=\"1707\" data-id=\"900\" src=\"https:\/\/korpiselka.fi\/wp-content\/uploads\/2024\/09\/3-scaled.jpg\" alt=\"\" class=\"wp-image-900\" srcset=\"https:\/\/korpiselka.fi\/wp-content\/uploads\/2024\/09\/3-scaled.jpg 2560w, https:\/\/korpiselka.fi\/wp-content\/uploads\/2024\/09\/3-300x200.jpg 300w, https:\/\/korpiselka.fi\/wp-content\/uploads\/2024\/09\/3-1024x683.jpg 1024w, https:\/\/korpiselka.fi\/wp-content\/uploads\/2024\/09\/3-768x512.jpg 768w, https:\/\/korpiselka.fi\/wp-content\/uploads\/2024\/09\/3-1536x1024.jpg 1536w, https:\/\/korpiselka.fi\/wp-content\/uploads\/2024\/09\/3-2048x1365.jpg 2048w\" sizes=\"auto, (max-width: 2560px) 100vw, 2560px\" \/><\/a><figcaption><em>Jaakko Jeskanen<\/em><\/figcaption><\/figure>\n\n\n\n<figure class=\"wp-block-image size-large\"><a href=\"https:\/\/korpiselka.fi\/wp-content\/uploads\/2024\/09\/19-scaled.jpg\"><img loading=\"lazy\" decoding=\"async\" width=\"2560\" height=\"1707\" data-id=\"896\" src=\"https:\/\/korpiselka.fi\/wp-content\/uploads\/2024\/09\/19-scaled.jpg\" alt=\"\" class=\"wp-image-896\" srcset=\"https:\/\/korpiselka.fi\/wp-content\/uploads\/2024\/09\/19-scaled.jpg 2560w, https:\/\/korpiselka.fi\/wp-content\/uploads\/2024\/09\/19-300x200.jpg 300w\" sizes=\"auto, (max-width: 2560px) 100vw, 2560px\" \/><\/a><figcaption><em>Joensuun Naiskuoro<\/em><\/figcaption><\/figure>\n\n\n\n<figure class=\"wp-block-image size-large\"><a href=\"https:\/\/korpiselka.fi\/wp-content\/uploads\/2024\/09\/20.jpg\"><img decoding=\"async\" data-id=\"897\" src=\"https:\/\/korpiselka.fi\/wp-content\/uploads\/2024\/09\/20.jpg\" alt=\"\" class=\"wp-image-897\"\/><\/a><figcaption><em>Janne Natri<\/em><\/figcaption><\/figure>\n\n\n\n<figure class=\"wp-block-image size-large\"><a href=\"https:\/\/korpiselka.fi\/wp-content\/uploads\/2024\/09\/21-scaled.jpg\"><img loading=\"lazy\" decoding=\"async\" width=\"2560\" height=\"1707\" data-id=\"898\" src=\"https:\/\/korpiselka.fi\/wp-content\/uploads\/2024\/09\/21-scaled.jpg\" alt=\"\" class=\"wp-image-898\" srcset=\"https:\/\/korpiselka.fi\/wp-content\/uploads\/2024\/09\/21-scaled.jpg 2560w, https:\/\/korpiselka.fi\/wp-content\/uploads\/2024\/09\/21-300x200.jpg 300w, https:\/\/korpiselka.fi\/wp-content\/uploads\/2024\/09\/21-1024x683.jpg 1024w, https:\/\/korpiselka.fi\/wp-content\/uploads\/2024\/09\/21-768x512.jpg 768w, https:\/\/korpiselka.fi\/wp-content\/uploads\/2024\/09\/21-1536x1024.jpg 1536w, https:\/\/korpiselka.fi\/wp-content\/uploads\/2024\/09\/21-2048x1365.jpg 2048w\" sizes=\"auto, (max-width: 2560px) 100vw, 2560px\" \/><\/a><figcaption>Juhani Talvela<\/figcaption><\/figure>\n\n\n\n<figure class=\"wp-block-image size-large\"><a href=\"https:\/\/korpiselka.fi\/wp-content\/uploads\/2024\/09\/22.jpg\"><img decoding=\"async\" data-id=\"893\" src=\"https:\/\/korpiselka.fi\/wp-content\/uploads\/2024\/09\/22.jpg\" alt=\"\" class=\"wp-image-893\"\/><\/a><figcaption><em>Matti V\u00e4ist\u00f6<\/em><\/figcaption><\/figure>\n\n\n\n<figure class=\"wp-block-image size-large\"><a href=\"https:\/\/korpiselka.fi\/wp-content\/uploads\/2024\/09\/23.jpg\"><img decoding=\"async\" data-id=\"895\" src=\"https:\/\/korpiselka.fi\/wp-content\/uploads\/2024\/09\/23.jpg\" alt=\"\" class=\"wp-image-895\"\/><\/a><figcaption>Jari Horttanainen<\/figcaption><\/figure>\n\n\n\n<figure class=\"wp-block-image size-large\"><a href=\"https:\/\/korpiselka.fi\/wp-content\/uploads\/2024\/09\/28.jpg\"><img decoding=\"async\" data-id=\"894\" src=\"https:\/\/korpiselka.fi\/wp-content\/uploads\/2024\/09\/28.jpg\" alt=\"\" class=\"wp-image-894\"\/><\/a><figcaption><em>MPK Savo-Karjalan soittokunta<\/em><\/figcaption><\/figure>\n<\/figure>\n\n\n\n<p>Juhlan tervehdyssanat lausui Korpisel\u00e4n pit\u00e4j\u00e4seuran puheenjohtaja Jaakko Jeskanen. Musiikista huolehti Maanpuolustuskoulutusyhdistyksen Savo-Karjalan soittokunta kapellimestarinaan Mika Hirvonen. Joensuun Naiskuoro esiintyi kahdenkymmenen laulajan voimin ja kuroa johti P\u00e4ivi Vesala. Pohjois-Karjalan rajavartioston tervehdyksen toi Ilomantsin vartioaseman p\u00e4\u00e4llikk\u00f6 kapteeni Janne Natri. Juhlapuheen piti Tolvaj\u00e4rvi-toimikunnan puheenjohtaja Juhani Talvela. Joensuun kaupungin tervehdyksen toi kaupunginhallituksen j\u00e4sen valtiop\u00e4iv\u00e4neuvos Matti V\u00e4ist\u00f6. Runonlausuntaa esitti Ritva Rautanen. Juhlan p\u00e4\u00e4t\u00f6ssanat lausui juhlatoimikunnan j\u00e4sen Jari Horttanainen. Tilaisuuden juonsi Mari Matveinen.<\/p>\n\n\n\n<h3 class=\"wp-block-heading\"><strong>Videolla juhlatilaisuus Korpiselk\u00e4talolla.<\/strong><\/h3>\n\n\n\n<figure class=\"wp-block-embed is-type-video is-provider-youtube wp-block-embed-youtube wp-embed-aspect-16-9 wp-has-aspect-ratio\"><div class=\"wp-block-embed__wrapper\">\n<iframe loading=\"lazy\" title=\"Maanpuolustusjuhla  Korpiselk\u00e4talolla 7.9.2024\" width=\"648\" height=\"365\" src=\"https:\/\/www.youtube.com\/embed\/IJYDrNxxQHs?feature=oembed\" frameborder=\"0\" allow=\"accelerometer; autoplay; clipboard-write; encrypted-media; gyroscope; picture-in-picture; web-share\" referrerpolicy=\"strict-origin-when-cross-origin\" allowfullscreen><\/iframe>\n<\/div><\/figure>\n\n\n\n<h4 class=\"wp-block-heading\"><strong>Juhlapuheen voi kuunnella t\u00e4st\u00e4<\/strong><\/h4>\n\n\n\n<figure class=\"wp-block-audio\"><audio controls src=\"https:\/\/korpiselka.fi\/wp-content\/uploads\/2024\/09\/Juhlapuhe-7.9.2024-Juhani-Talvela.mp3\"><\/audio><\/figure>\n","protected":false},"excerpt":{"rendered":"<p>Maanpuolustusjuhlaa vietettiin arvokkaasti muistoja vaalien Korpisel\u00e4n Pit\u00e4j\u00e4seura ja Tolvaj\u00e4rven taistelujen muistoa vaaliva Tolvaj\u00e4rvi-toimikunta j\u00e4rjestiv\u00e4t Maanpuolustusjuhlan tilaisuuksineen 7.9. Hoilolassa. &nbsp;Juhla j\u00e4rjestettiin Joensuun kaupungin, OP Vaara-Karjalan sek\u00e4 Vornasten Sukuseuran tuella. Tilaisuudet sijoittuivat Hoilolan ortodoksiselle kirkolle sek\u00e4 Korpiselk\u00e4-talolle. Korpiselk\u00e4-talo tarjosi oivat puitteet t\u00e4lle viiden vuoden v\u00e4lein j\u00e4rjestett\u00e4v\u00e4lle tapahtumalle. Tapahtumaa on j\u00e4rjestetty aina 80-luvulta l\u00e4htien. Liturgian j\u00e4lkeen toimitettiin seppelten [&hellip;]<\/p>\n","protected":false},"author":7,"featured_media":881,"parent":0,"menu_order":0,"comment_status":"closed","ping_status":"closed","template":"","meta":{"footnotes":""},"class_list":["post-880","page","type-page","status-publish","has-post-thumbnail","hentry"],"_links":{"self":[{"href":"https:\/\/korpiselka.fi\/index.php?rest_route=\/wp\/v2\/pages\/880","targetHints":{"allow":["GET"]}}],"collection":[{"href":"https:\/\/korpiselka.fi\/index.php?rest_route=\/wp\/v2\/pages"}],"about":[{"href":"https:\/\/korpiselka.fi\/index.php?rest_route=\/wp\/v2\/types\/page"}],"author":[{"embeddable":true,"href":"https:\/\/korpiselka.fi\/index.php?rest_route=\/wp\/v2\/users\/7"}],"replies":[{"embeddable":true,"href":"https:\/\/korpiselka.fi\/index.php?rest_route=%2Fwp%2Fv2%2Fcomments&post=880"}],"version-history":[{"count":19,"href":"https:\/\/korpiselka.fi\/index.php?rest_route=\/wp\/v2\/pages\/880\/revisions"}],"predecessor-version":[{"id":932,"href":"https:\/\/korpiselka.fi\/index.php?rest_route=\/wp\/v2\/pages\/880\/revisions\/932"}],"wp:featuredmedia":[{"embeddable":true,"href":"https:\/\/korpiselka.fi\/index.php?rest_route=\/wp\/v2\/media\/881"}],"wp:attachment":[{"href":"https:\/\/korpiselka.fi\/index.php?rest_route=%2Fwp%2Fv2%2Fmedia&parent=880"}],"curies":[{"name":"wp","href":"https:\/\/api.w.org\/{rel}","templated":true}]}}