{"id":785,"date":"2023-04-12T12:27:50","date_gmt":"2023-04-12T10:27:50","guid":{"rendered":"https:\/\/korpiselka.fi\/?page_id=785"},"modified":"2023-04-12T12:27:50","modified_gmt":"2023-04-12T10:27:50","slug":"matkaohjelma-10-7-13-7-2023","status":"publish","type":"page","link":"https:\/\/korpiselka.fi\/?page_id=785","title":{"rendered":"MATKAOHJELMA 10.7. &#8211; 13.7.2023"},"content":{"rendered":"\n<p>Matkaohjelmaa ja matkan ehtoja voi selata suoraan alla olevasta esitteest\u00e4, tai avata pdf-tiedoston linkist\u00e4  &#8221;Matka-ohjelma-Lansi-Viro&#8221;<\/p>\n\n\n\n<p>Esitteet voi my\u00f6s ladata omalle koneelle pdf tiedostona &#8221;Lataa&#8221;-napista.<\/p>\n\n\n\n<p><\/p>\n\n\n\n<div data-wp-interactive=\"core\/file\" class=\"wp-block-file\"><object data-wp-bind--hidden=\"!state.hasPdfPreview\" hidden class=\"wp-block-file__embed\" data=\"https:\/\/korpiselka.fi\/wp-content\/uploads\/2023\/04\/Matka-ohjelma-Lansi-Viro.pdf\" type=\"application\/pdf\" style=\"width:100%;height:600px\" aria-label=\"Tiedoston Tiedoston Matka-ohjelma-Lansi-Viro upotus. upotus.\"><\/object><a id=\"wp-block-file--media-4648676c-3750-4912-9d80-2a2a92ee7f24\" href=\"https:\/\/korpiselka.fi\/wp-content\/uploads\/2023\/04\/Matka-ohjelma-Lansi-Viro.pdf\">Matka-ohjelma-Lansi-Viro<\/a><a href=\"https:\/\/korpiselka.fi\/wp-content\/uploads\/2023\/04\/Matka-ohjelma-Lansi-Viro.pdf\" class=\"wp-block-file__button\" download aria-describedby=\"wp-block-file--media-4648676c-3750-4912-9d80-2a2a92ee7f24\">Lataa<\/a><\/div>\n\n\n\n<hr class=\"wp-block-separator is-style-wide\"\/>\n\n\n\n<p>Peruutusehdot lomaketta voi selata alla olevasta ikkunasta.<\/p>\n\n\n\n<p>Lomakkeen saa avattua pdf muodossa linkist\u00e4 &#8221;Samimatkojen-peruutusehdot&#8221;.<\/p>\n\n\n\n<p>Lomakkeen saa ladattua omalle koneelleen pdf-tiedostona &#8221;Lataa&#8221;-napista.<\/p>\n\n\n\n<div data-wp-interactive=\"core\/file\" class=\"wp-block-file\"><object data-wp-bind--hidden=\"!state.hasPdfPreview\" hidden class=\"wp-block-file__embed\" data=\"https:\/\/korpiselka.fi\/wp-content\/uploads\/2023\/04\/Samimatkojen-peruutusehdot.pdf\" type=\"application\/pdf\" style=\"width:100%;height:600px\" aria-label=\"Tiedoston Tiedoston Samimatkojen-peruutusehdot upotus. upotus.\"><\/object><a id=\"wp-block-file--media-72183292-a0ca-40dd-8100-cd420117a057\" href=\"https:\/\/korpiselka.fi\/wp-content\/uploads\/2023\/04\/Samimatkojen-peruutusehdot.pdf\">Samimatkojen-peruutusehdot<\/a><a href=\"https:\/\/korpiselka.fi\/wp-content\/uploads\/2023\/04\/Samimatkojen-peruutusehdot.pdf\" class=\"wp-block-file__button\" download aria-describedby=\"wp-block-file--media-72183292-a0ca-40dd-8100-cd420117a057\">Lataa<\/a><\/div>\n\n\n\n<p><\/p>\n","protected":false},"excerpt":{"rendered":"<p>Matkaohjelmaa ja matkan ehtoja voi selata suoraan alla olevasta esitteest\u00e4, tai avata pdf-tiedoston linkist\u00e4 &#8221;Matka-ohjelma-Lansi-Viro&#8221; Esitteet voi my\u00f6s ladata omalle koneelle pdf tiedostona &#8221;Lataa&#8221;-napista. Peruutusehdot lomaketta voi selata alla olevasta ikkunasta. Lomakkeen saa avattua pdf muodossa linkist\u00e4 &#8221;Samimatkojen-peruutusehdot&#8221;. Lomakkeen saa ladattua omalle koneelleen pdf-tiedostona &#8221;Lataa&#8221;-napista.<\/p>\n","protected":false},"author":7,"featured_media":0,"parent":0,"menu_order":0,"comment_status":"closed","ping_status":"closed","template":"","meta":{"footnotes":""},"class_list":["post-785","page","type-page","status-publish","hentry"],"_links":{"self":[{"href":"https:\/\/korpiselka.fi\/index.php?rest_route=\/wp\/v2\/pages\/785","targetHints":{"allow":["GET"]}}],"collection":[{"href":"https:\/\/korpiselka.fi\/index.php?rest_route=\/wp\/v2\/pages"}],"about":[{"href":"https:\/\/korpiselka.fi\/index.php?rest_route=\/wp\/v2\/types\/page"}],"author":[{"embeddable":true,"href":"https:\/\/korpiselka.fi\/index.php?rest_route=\/wp\/v2\/users\/7"}],"replies":[{"embeddable":true,"href":"https:\/\/korpiselka.fi\/index.php?rest_route=%2Fwp%2Fv2%2Fcomments&post=785"}],"version-history":[{"count":9,"href":"https:\/\/korpiselka.fi\/index.php?rest_route=\/wp\/v2\/pages\/785\/revisions"}],"predecessor-version":[{"id":814,"href":"https:\/\/korpiselka.fi\/index.php?rest_route=\/wp\/v2\/pages\/785\/revisions\/814"}],"wp:attachment":[{"href":"https:\/\/korpiselka.fi\/index.php?rest_route=%2Fwp%2Fv2%2Fmedia&parent=785"}],"curies":[{"name":"wp","href":"https:\/\/api.w.org\/{rel}","templated":true}]}}