{"id":725,"date":"2022-08-23T18:56:29","date_gmt":"2022-08-23T16:56:29","guid":{"rendered":"https:\/\/korpiselka.fi\/?page_id=725"},"modified":"2025-02-27T22:47:56","modified_gmt":"2025-02-27T20:47:56","slug":"johtokunta","status":"publish","type":"page","link":"https:\/\/korpiselka.fi\/?page_id=725","title":{"rendered":"JOHTOKUNTA 2025"},"content":{"rendered":"\n<p>Jaakko Jeskanen puheenjohtaja<\/p>\n\n\n\n<p>Lea Tajakka varapuheenjohtaja<\/p>\n\n\n\n<p>Eila Ronkainen sihteeri<\/p>\n\n\n\n<p>Mauri Kekkonen j\u00e4sen<\/p>\n\n\n\n<p>Hannu Pankka j\u00e4sen<\/p>\n\n\n\n<p>Olli Tolvanen j\u00e4sen<\/p>\n\n\n\n<p>Hilja Vilokkinen j\u00e4sen<\/p>\n","protected":false},"excerpt":{"rendered":"<p>Jaakko Jeskanen puheenjohtaja Lea Tajakka varapuheenjohtaja Eila Ronkainen sihteeri Mauri Kekkonen j\u00e4sen Hannu Pankka j\u00e4sen Olli Tolvanen j\u00e4sen Hilja Vilokkinen j\u00e4sen<\/p>\n","protected":false},"author":7,"featured_media":0,"parent":0,"menu_order":0,"comment_status":"closed","ping_status":"closed","template":"","meta":{"footnotes":""},"class_list":["post-725","page","type-page","status-publish","hentry"],"_links":{"self":[{"href":"https:\/\/korpiselka.fi\/index.php?rest_route=\/wp\/v2\/pages\/725","targetHints":{"allow":["GET"]}}],"collection":[{"href":"https:\/\/korpiselka.fi\/index.php?rest_route=\/wp\/v2\/pages"}],"about":[{"href":"https:\/\/korpiselka.fi\/index.php?rest_route=\/wp\/v2\/types\/page"}],"author":[{"embeddable":true,"href":"https:\/\/korpiselka.fi\/index.php?rest_route=\/wp\/v2\/users\/7"}],"replies":[{"embeddable":true,"href":"https:\/\/korpiselka.fi\/index.php?rest_route=%2Fwp%2Fv2%2Fcomments&post=725"}],"version-history":[{"count":4,"href":"https:\/\/korpiselka.fi\/index.php?rest_route=\/wp\/v2\/pages\/725\/revisions"}],"predecessor-version":[{"id":937,"href":"https:\/\/korpiselka.fi\/index.php?rest_route=\/wp\/v2\/pages\/725\/revisions\/937"}],"wp:attachment":[{"href":"https:\/\/korpiselka.fi\/index.php?rest_route=%2Fwp%2Fv2%2Fmedia&parent=725"}],"curies":[{"name":"wp","href":"https:\/\/api.w.org\/{rel}","templated":true}]}}