{"id":502,"date":"2022-04-21T12:44:01","date_gmt":"2022-04-21T10:44:01","guid":{"rendered":"https:\/\/korpiselka.fi\/?page_id=502"},"modified":"2022-06-09T15:17:44","modified_gmt":"2022-06-09T13:17:44","slug":"korpiselan-pitajan-sankarivainajat","status":"publish","type":"page","link":"https:\/\/korpiselka.fi\/?page_id=502","title":{"rendered":"KORPISEL\u00c4N PIT\u00c4J\u00c4N SANKARIVAINAJAT"},"content":{"rendered":"\n<figure class=\"wp-block-image size-large\"><a href=\"https:\/\/korpiselka.fi\/wp-content\/uploads\/2022\/06\/Sankarihautajaiset-Korpiselka.jpg\"><img loading=\"lazy\" decoding=\"async\" width=\"1024\" height=\"654\" src=\"https:\/\/korpiselka.fi\/wp-content\/uploads\/2022\/06\/Sankarihautajaiset-Korpiselka-1024x654.jpg\" alt=\"\" class=\"wp-image-677\" srcset=\"https:\/\/korpiselka.fi\/wp-content\/uploads\/2022\/06\/Sankarihautajaiset-Korpiselka-1024x654.jpg 1024w, https:\/\/korpiselka.fi\/wp-content\/uploads\/2022\/06\/Sankarihautajaiset-Korpiselka-300x192.jpg 300w, https:\/\/korpiselka.fi\/wp-content\/uploads\/2022\/06\/Sankarihautajaiset-Korpiselka-768x491.jpg 768w, https:\/\/korpiselka.fi\/wp-content\/uploads\/2022\/06\/Sankarihautajaiset-Korpiselka.jpg 1280w\" sizes=\"auto, (max-width: 1024px) 100vw, 1024px\" \/><\/a><figcaption><em>Sankarihautajaiset Korpisel\u00e4n kirkolla. Nikolai Spiridovin kuva, Lauri Sairilan kokoelmista.<\/em><\/figcaption><\/figure>\n\n\n\n<div style=\"height:27px\" aria-hidden=\"true\" class=\"wp-block-spacer\"><\/div>\n\n\n\n<p>Korpisel\u00e4n sankarihautausmaahan on haudattu yhteens\u00e4 85 sankarivainajaa, yksi siunattu kent\u00e4lle j\u00e4\u00e4neen\u00e4 ja yksi haudattu kirkonkyl\u00e4n hautausmaahan. Joensuun sankarihautausmaahan on haudattu 16 ja taistelukent\u00e4lle j\u00e4\u00e4nein\u00e4 &nbsp;siunattu 10 sankarivainajaa. Muualle haudattu tai siunattu kent\u00e4lle j\u00e4\u00e4neen\u00e4 21 sankarivainajaa. Taistelukent\u00e4lle h\u00e4visi 2 sotilasta. Vuosina 1939-1944 katosi 5 sotilasta. Korpiselk\u00e4l\u00e4isi\u00e4 menehtyi talvi- ja jatkosodassa yhteens\u00e4 141.<\/p>\n\n\n\n<div style=\"height:46px\" aria-hidden=\"true\" class=\"wp-block-spacer\"><\/div>\n\n\n\n<p><strong>KORPISEL\u00c4N SANKARIHAUTAUSMAAHAN&nbsp; HAUDATUT&nbsp; KORPISEL\u00c4N SANKARIVAINAJAT<\/strong><\/p>\n\n\n\n<p>T<strong>alvisota v. 1939-1940<\/strong><\/p>\n\n\n\n<figure class=\"wp-block-table\"><table  class=\" table table-hover\" ><tbody><tr><td>Nimi<\/td><td>Syntym\u00e4aika<\/td><td>Kaatumis-p\u00e4iv\u00e4m\u00e4\u00e4r\u00e4<\/td><td>&nbsp;<\/td><\/tr><tr><td>&nbsp;<\/td><td>&nbsp;<\/td><td>&nbsp;<\/td><td>&nbsp;<\/td><\/tr><tr><td>Ikonen Olli<\/td><td>08.03.1916<\/td><td>14.01.1940<\/td><td>&nbsp;<\/td><\/tr><tr><td>Kastinen&nbsp; Juho<\/td><td>01.01.1910<\/td><td>24.02.1940<\/td><td>&nbsp;<\/td><\/tr><tr><td>Kononoff&nbsp; Ivan<\/td><td>11.01.1903<\/td><td>19.05.1940<\/td><td>kuoli sotasairaalassa, siirrettiin jatkosodan aikana Korpisel\u00e4n sankarihautaan<\/td><\/tr><tr><td>Laatikainen Aarne<\/td><td>04.06.1915<\/td><td>24.01.1940<\/td><td>&nbsp;<\/td><\/tr><tr><td>Malm&nbsp; Joose&nbsp; Oskari<\/td><td>27.01.1914<\/td><td>11.12.1939<\/td><td>&nbsp;<\/td><\/tr><tr><td>Miettinen&nbsp; Veikko&nbsp; Armas<\/td><td>07.06.1915<\/td><td>25.01.1940<\/td><td>&nbsp;<\/td><\/tr><tr><td>Mononen&nbsp; Arvo&nbsp; Johannes<\/td><td>28.05.1915<\/td><td>19.12.1939<\/td><td>&nbsp;<\/td><\/tr><tr><td>Muranen&nbsp; Alvi<\/td><td>01.11.1916<\/td><td>20.12.1939<\/td><td>&nbsp;<\/td><\/tr><tr><td>Muranen&nbsp; Johannes<\/td><td>16.03.1909<\/td><td>12.03.1940<\/td><td>siirrettiin v. 1942 Korpisel\u00e4n sankarihautaan<\/td><\/tr><tr><td>M\u00f6nttinen Onni<\/td><td>14.12.1917<\/td><td>11.12.1939<\/td><td>&nbsp;<\/td><\/tr><tr><td>Palviainen Uuno Eemil<\/td><td>03.09.1914<\/td><td>29.01.1940<\/td><td>&nbsp;<\/td><\/tr><tr><td>Patronen Nikolai<\/td><td>17.02.1915<\/td><td>22.12.1939<\/td><td>&nbsp;<\/td><\/tr><tr><td>R\u00f6pelinen Aleksanteri<\/td><td>29.10.1913<\/td><td>29.12.1939<\/td><td>&nbsp;<\/td><\/tr><tr><td>R\u00f6pelinen&nbsp; Pekka<\/td><td>19.09.1904<\/td><td>21.12.1939<\/td><td>&nbsp;<\/td><\/tr><tr><td>Salonen Johannes<\/td><td>07.07.1911<\/td><td>19.01.1940<\/td><td>kuoli sotasairaalassa<\/td><\/tr><tr><td>Shemeikka&nbsp; Julia<\/td><td>21.06.1922<\/td><td>19.12.1939<\/td><td>kuoli kirkonkyl\u00e4n ilmapommituksessa<\/td><\/tr><tr><td>Sottinen&nbsp; Alvi<\/td><td>15.01.1916<\/td><td>15.12.1939<\/td><td>&nbsp;<\/td><\/tr><tr><td>V\u00e4litalo Domenti<\/td><td>06.08.1905<\/td><td>10.01.1940<\/td><td>&nbsp;<\/td><\/tr><\/tbody><\/table><\/figure>\n\n\n\n<p><strong>Jatkosota v. 1941-1944<\/strong><\/p>\n\n\n\n<figure class=\"wp-block-table\"><table  class=\" table table-hover\" ><tbody><tr><td>Bogdanoff Arvo<\/td><td>21.06.1920<\/td><td>20.12.1942<\/td><td>&nbsp;<\/td><\/tr><tr><td>Haaranen Toivo Einari<\/td><td>13.09.1916<\/td><td>26.07.1941<\/td><td>&nbsp;<\/td><\/tr><tr><td>Hakkarainen Reino<\/td><td>05.06.1911<\/td><td>27.07.1944<\/td><td>&nbsp;<\/td><\/tr><tr><td>Heiskanen Matti<\/td><td>05.09.1912<\/td><td>02.12.1942<\/td><td>&nbsp;<\/td><\/tr><tr><td>Huttunen Dimitri Jaakko<\/td><td>22.12.1908<\/td><td>13.07.1941<\/td><td>&nbsp;<\/td><\/tr><tr><td>Hyttinen Eino Olavi<\/td><td>08.05.1921<\/td><td>30.07.1942<\/td><td>&nbsp;<\/td><\/tr><tr><td>Ihanus Boris<\/td><td>11.10.1917<\/td><td>04.07.1941<\/td><td>&nbsp;<\/td><\/tr><tr><td>Issakainen Aulis<\/td><td>29.11.1921<\/td><td>22.02.1942<\/td><td>&nbsp;<\/td><\/tr><tr><td>Issakainen Feodor<\/td><td>30.09.1899<\/td><td>15.07.1941<\/td><td>kuoli saamiinsa vammoihin<\/td><\/tr><tr><td>Jeskanen Johannes<\/td><td>09.03.1905<\/td><td>07.08.1941<\/td><td>&nbsp;<\/td><\/tr><tr><td>Joensalo Paavo<\/td><td>07.07.1910<\/td><td>07.01.1942<\/td><td>&nbsp;<\/td><\/tr><tr><td>Jormanainen V\u00e4in\u00f6<\/td><td>15.06.1911<\/td><td>25.07.1941<\/td><td>&nbsp;<\/td><\/tr><tr><td>Kiiski Johannes<\/td><td>24.08.1914<\/td><td>21.09.1942<\/td><td>kuoli saamiinsa vammoihin<\/td><\/tr><tr><td>Koistinen Arvi<\/td><td>23.02.1906<\/td><td>23.10.1941<\/td><td>&nbsp;<\/td><\/tr><tr><td>Kokkonen Vilho<\/td><td>05.07.1911<\/td><td>26.07.1941<\/td><td>&nbsp;<\/td><\/tr><tr><td>Kononen Johannes<\/td><td>22.06.1916<\/td><td>20.12.1942<\/td><td>kuoli keuhkokuumeeseen sotasairaalassa<\/td><\/tr><tr><td>Kosk i Aarne Johannes<\/td><td>09.11.1919<\/td><td>29.08.1941<\/td><td>&nbsp;<\/td><\/tr><tr><td>Kukkonen Tauno<\/td><td>26.08.1906<\/td><td>21.07.1941<\/td><td>&nbsp;<\/td><\/tr><tr><td>K\u00e4rn\u00e4 Jouko Olavi<\/td><td>12.12.1916<\/td><td>12.11.1942<\/td><td>kuoli sotasairaalassa<\/td><\/tr><tr><td>K\u00e4rp\u00e4nen Lauri<\/td><td>08.01.1920<\/td><td>13.01.1942<\/td><td>&nbsp;<\/td><\/tr><tr><td>K\u00e4rp\u00e4nen Lauri<\/td><td>05.08.1920<\/td><td>22.05.1944<\/td><td>&nbsp;<\/td><\/tr><tr><td>K\u00f6n\u00f6nen Tauno Veikko<\/td><td>01.11.1913<\/td><td>24.06.1943<\/td><td>&nbsp;<\/td><\/tr><tr><td>Laatikainen Arvo Armas&nbsp;<\/td><td>26.05.1920<\/td><td>20.10.1941<\/td><td>&nbsp;<\/td><\/tr><tr><td>Lepp\u00e4nen Veikko<\/td><td>27.04.1922<\/td><td>15.04.1942<\/td><td>&nbsp;<\/td><\/tr><tr><td>Malm Onni Ilmari<\/td><td>28.11.1917<\/td><td>07.02.1944<\/td><td>&nbsp;<\/td><\/tr><tr><td>Malvela Boris<\/td><td>06.06.1919<\/td><td>25.10.1941<\/td><td>&nbsp;<\/td><\/tr><tr><td>Mantsinen Petter (Pekka)<\/td><td>02.02.1921<\/td><td>13.02.1942<\/td><td>&nbsp;<\/td><\/tr><tr><td>Mantsinen Vihtori<\/td><td>13.07.1913<\/td><td>21.07.1941<\/td><td>&nbsp;<\/td><\/tr><tr><td>Matveinen Nikolai<\/td><td>31.03.1913<\/td><td>09.01.1942<\/td><td>&nbsp;<\/td><\/tr><tr><td>Miinalainen Yrj\u00f6<\/td><td>21.03.1918<\/td><td>22.10.1940<\/td><td>katosi, siunattiin kent\u00e4lle j\u00e4\u00e4neen\u00e4 11.10.1942<\/td><\/tr><tr><td>Miinalainen Daavid<\/td><td>24.07.1922<\/td><td>11.04.1943<\/td><td>kuoli sotasairaalassa<\/td><\/tr><tr><td>Moldakoff&nbsp; Johannes<\/td><td>01.02.1914<\/td><td>21.07.1941<\/td><td>&nbsp;<\/td><\/tr><tr><td>Moldakoff Vilho<\/td><td>18.12.1914<\/td><td>31.12.1941<\/td><td>&nbsp;<\/td><\/tr><tr><td>Nissinen Juhana<\/td><td>29.06.1902<\/td><td>05.01.1942<\/td><td>&nbsp;<\/td><\/tr><tr><td>Palviainen Johannes<\/td><td>05.05.1911<\/td><td>19.07.1941<\/td><td>&nbsp;<\/td><\/tr><tr><td>Parviainen Kauko Aulis<\/td><td>03.05.1913<\/td><td>26.10.1941<\/td><td>&nbsp;<\/td><\/tr><tr><td>Patronen&nbsp; Aleksanteri<\/td><td>24.08.1913<\/td><td>13.03.1943<\/td><td>sairastui, kuoli sairaalassa<\/td><\/tr><tr><td>Penttinen Toivo Ilmari<\/td><td>08.07.1915<\/td><td>27.12.1941<\/td><td>&nbsp;<\/td><\/tr><tr><td>Pumppu Kiril<\/td><td>02.02.1924<\/td><td>14.09.1941<\/td><td>haudattu Korpisel\u00e4n hautausmaahan<\/td><\/tr><tr><td>Purmonen Emil<\/td><td>03.06.1913<\/td><td>19.07.1941<\/td><td>&nbsp;<\/td><\/tr><tr><td>Pussinen Armas<\/td><td>10.08.1905<\/td><td>18.07.1941<\/td><td>&nbsp;<\/td><\/tr><tr><td>Pussinen Heikki<\/td><td>02.01.1911<\/td><td>08.08.1941<\/td><td>&nbsp;<\/td><\/tr><tr><td>Pyy Aleksanteri<\/td><td>19.07.1921<\/td><td>12.11.1941<\/td><td>&nbsp;<\/td><\/tr><tr><td>Pyy Matti<\/td><td>19.08.1902<\/td><td>28.12.1941<\/td><td>&nbsp;<\/td><\/tr><tr><td>Rajanti Johannes<\/td><td>20.05.1912<\/td><td>18.07.1941<\/td><td>&nbsp;<\/td><\/tr><tr><td>Rajavaara Johannes<\/td><td>11.10.1918<\/td><td>06.08.1941<\/td><td>&nbsp;<\/td><\/tr><tr><td>Rajavaara Lauri<\/td><td>10.07.1912<\/td><td>29.09.1941<\/td><td>&nbsp;<\/td><\/tr><tr><td>Ratinen Johannes<\/td><td>08.08.1915<\/td><td>19.07.1941<\/td><td>&nbsp;<\/td><\/tr><tr><td>Ruttonen Mikko<\/td><td>05.06.1903<\/td><td>09.08.1941<\/td><td>&nbsp;<\/td><\/tr><tr><td>R\u00f6pelinen Johannes<\/td><td>04.04.1916<\/td><td>14.04.1942<\/td><td>&nbsp;<\/td><\/tr><tr><td>R\u00f6pelinen Alvi<\/td><td>01.01.1922<\/td><td>10.08.1942<\/td><td>&nbsp;<\/td><\/tr><tr><td>R\u00f6pelinen Gabriel<\/td><td>24.02.1918<\/td><td>04.08.1941<\/td><td>&nbsp;<\/td><\/tr><tr><td>R\u00f6pelinen Johannes<\/td><td>15.09.1921<\/td><td>22.07.1942<\/td><td>&nbsp;<\/td><\/tr><tr><td>R\u00f6pelinen Joonas<\/td><td>15.09.1921<\/td><td>22.07.1942<\/td><td>&nbsp;<\/td><\/tr><tr><td>Saukkonen Viktor<\/td><td>25.04.1916<\/td><td>27.07.1941<\/td><td>&nbsp;<\/td><\/tr><tr><td>Sissonen David<\/td><td>22.01.1910<\/td><td>13.07.1941<\/td><td>&nbsp;<\/td><\/tr><tr><td>Sissonen Armas<\/td><td>25.07.1922<\/td><td>18.07.1941<\/td><td>kuoli kentt\u00e4sairaalassa<\/td><\/tr><tr><td>Sivonen Tauno<\/td><td>14.11.1921<\/td><td>15.08.1942<\/td><td>&nbsp;<\/td><\/tr><tr><td>Solhemainen Seppo Ilmari<\/td><td>05.09.1923<\/td><td>15.07.1943<\/td><td>&nbsp;<\/td><\/tr><tr><td>Sottinen Viktor<\/td><td>08.01.1920<\/td><td>09.09.1941<\/td><td>kuoli kentt\u00e4sairaalassa<\/td><\/tr><tr><td>Suhonen Toivo Johannes<\/td><td>24.08.1922<\/td><td>01.04.1944<\/td><td>kuoli sairaalassa<\/td><\/tr><tr><td>Tahvanainen Otto<\/td><td>19.04.1911<\/td><td>24.10.1942<\/td><td>&nbsp;<\/td><\/tr><tr><td>Torvinen Jaakko<\/td><td>14.10.1914<\/td><td>03.08.1941<\/td><td>&nbsp;<\/td><\/tr><tr><td>Tsokkinen Olavi<\/td><td>28.07.1924<\/td><td>09.06.1943<\/td><td>kuoli sairaalassa<\/td><\/tr><tr><td>Tuttavainen Uuno<\/td><td>08.01.1922<\/td><td>19.03.1943<\/td><td>&nbsp;<\/td><\/tr><tr><td>Vartiainen Aarne Kustaa<\/td><td>03.11.1912<\/td><td>18.07.1941<\/td><td>&nbsp;<\/td><\/tr><tr><td>Viinim\u00e4ki Pekka<\/td><td>07.05.1921<\/td><td>10.08.1941<\/td><td>&nbsp;<\/td><\/tr><tr><td>Vornanen Aleks<\/td><td>13.07.1922<\/td><td>04.10.1943<\/td><td>&nbsp;<\/td><\/tr><tr><td>Vornanen Aleksanteri<\/td><td>04.07.1920<\/td><td>xx.02.1943<\/td><td>&nbsp;<\/td><\/tr><\/tbody><\/table><\/figure>\n\n\n\n<figure class=\"wp-block-table\"><table  class=\" table table-hover\" ><tbody><tr><td><strong>MUUALLE HAUDATUT KORPISEL\u00c4N SANKARIVAINAJAT<\/strong><\/td><td><\/td><\/tr><tr><td><strong>Talvisota v. 1939-1940<\/strong><\/td><td><\/td><td><\/td><td><\/td><\/tr><tr><td><\/td><td><\/td><td><\/td><td><\/td><\/tr><tr><td>Nimi<\/td><td>Syntym\u00e4aika<\/td><td>Kaatumis-p\u00e4iv\u00e4<\/td><td><\/td><\/tr><tr><td>Gr\u00f6ndahl Lauri<\/td><td>16.05.1905<\/td><td>27.03.1940<\/td><td>haudattiin Vierem\u00e4n sankarihautaan<\/td><\/tr><tr><td>Haaranen Eemil Uuno<\/td><td>08.11.1908<\/td><td>21.02.1940<\/td><td>haudattiin Tohmaj\u00e4rven sankarihautaan<\/td><\/tr><tr><td>Huttunen Johannes<\/td><td>06.03.1910<\/td><td>02.04.1940<\/td><td>kuoli sotasairaalassa, haudattiin Joensuun sankarihautaan<\/td><\/tr><tr><td>Ikonen Iivari<\/td><td>24.06.1905<\/td><td>03.03.1940<\/td><td>katosi, siunattiin kent\u00e4lle j\u00e4\u00e4neen\u00e4 Ilomantsin sankarihautaan<\/td><\/tr><tr><td>Kanninen Emil<\/td><td>20.02.1918<\/td><td>11-12.3.1940<\/td><td>haudattiin Lappeenrannan sankarihautaan<\/td><\/tr><tr><td>Karhap\u00e4\u00e4 Johannes<\/td><td>23.11.1918<\/td><td>11.03.1940<\/td><td>kuoli haavoihinsa, haudattiin Joensuun sankarihautaan<\/td><\/tr><tr><td>Markku Julia<\/td><td>XX.XX.1921<\/td><td>19.12.1939<\/td><td>kuoli kirkonkyl\u00e4n ilmapommituksessa<\/td><\/tr><tr><td>Parviainen Eelis<\/td><td>22.04.1917<\/td><td>06.03.1940<\/td><td>haudattiin Lappeenrannan sankarihautaan<\/td><\/tr><tr><td>Parviainen Kauko Armas<\/td><td>06.04.1917<\/td><td>03.03.1940<\/td><td>siunattiin kent\u00e4lle j\u00e4\u00e4neen\u00e4 Joensuun sankarihautaan<\/td><\/tr><tr><td>Purmonen Dimitri<\/td><td>27.06.1899<\/td><td>24.02.1940<\/td><td>haudattiin Joensuun sankarihautaan<\/td><\/tr><tr><td>Pyy Lauri<\/td><td>20.05.1916<\/td><td>10.12.1039<\/td><td>siunattiin kent\u00e4lle j\u00e4\u00e4neen\u00e4 Joensuun sankarihautaan<\/td><\/tr><tr><td>Ruttonen Paavo<\/td><td>23.06.1916<\/td><td>07.12.1939<\/td><td>siunattiin kent\u00e4lle j\u00e4\u00e4neen\u00e4 Joensuun sankarihautaan<\/td><\/tr><tr><td>R\u00f6pelinen Filip<\/td><td>16.03.1916<\/td><td>16.12.1939<\/td><td>siunattiin kent\u00e4lle j\u00e4\u00e4neen\u00e4 Joensuun sankarihautaan kes\u00e4ll\u00e4 1940<\/td><\/tr><tr><td>R\u00f6pelinen Vilho<\/td><td>05.02.1908<\/td><td><\/td><td>katosi rajalla 13.4.1940, joutui todenn\u00e4k\u00f6isesti vangiksi<\/td><\/tr><tr><td>Vianto Viktor<\/td><td>12.02.1916<\/td><td>26.02.1940<\/td><td>haudattiin Tohmaj\u00e4rven sankarihautaan<\/td><\/tr><tr><td>Vilokkinen Nikolai<\/td><td>06.06.1915<\/td><td>19.12.1939<\/td><td>haudattiin Sortavalan sankarihautaan<\/td><\/tr><tr><td>&nbsp;<\/td><td>&nbsp;<\/td><td>&nbsp;<\/td><td>&nbsp;<\/td><\/tr><tr><td><\/td><td><\/td><td><\/td><td><\/td><\/tr><tr><td><strong>Jatkosota v. 1941-1944<\/strong><\/td><td><\/td><td><\/td><td><\/td><\/tr><tr><td><\/td><td><\/td><td><\/td><td><\/td><\/tr><tr><td>Gr\u00f6hn V\u00e4in\u00f6<\/td><td>24.12.1919<\/td><td>04.07.1944<\/td><td>siunattiin kent\u00e4lle j\u00e4\u00e4neen\u00e4 Joensuun sankarihautaan<\/td><\/tr><tr><td>Heiman Matti<\/td><td>01.02.1920<\/td><td>12.02.1942<\/td><td>j\u00e4i kent\u00e4lle Poventsassa<\/td><\/tr><tr><td>Heinonen Olavi<\/td><td>09.04.1908<\/td><td>26.08.1941<\/td><td>siirretty Tuupovaaran sankarihautaan<\/td><\/tr><tr><td>Jeskanen Juho<\/td><td>26.11.1906<\/td><td>23.05.1945<\/td><td>kuoli sairaalassa, haudattiin Joensuun sankarihautaan<\/td><\/tr><tr><td>Jormanainen Toimi<\/td><td>30.05.1917<\/td><td><\/td><td>katosi 10.6.1944 Kannaksella<\/td><\/tr><tr><td>Kanula Aatto Viljo Kullervo<\/td><td>20.09.1911<\/td><td>07.08.1941<\/td><td>haudattiin Tampereen Kalevankankaan hautausmaahan<\/td><\/tr><tr><td>Koivunen Toivo<\/td><td>01.09.1925<\/td><td>06.08.1944<\/td><td>haudattiin kent\u00e4llej\u00e4\u00e4neen\u00e4 Joensuun sankarihautaan<\/td><\/tr><tr><td>K\u00f6n\u00f6nen Urho<\/td><td>07.08.1918<\/td><td><\/td><td>katosi Viipurissa 20.6.1944<\/td><\/tr><tr><td>Meril\u00e4inen Pentti&nbsp; Valio<\/td><td>26.08.1916<\/td><td>07.07.1944<\/td><td>haudattiin Joensuun sankarihautaan<\/td><\/tr><tr><td>Metso Johannes<\/td><td>04.06.1918<\/td><td><\/td><td>katosi Rukaj\u00e4rven suunnalla 3.7.1941<\/td><\/tr><tr><td>Muranen Boris<\/td><td>09.07.1917<\/td><td>12.07.1944<\/td><td>haudattiin Joensuun sankarihautaan<\/td><\/tr><tr><td>M\u00e4kinen Lauri<\/td><td>14.08.1907<\/td><td>10.07.1941<\/td><td>haudattiin Porin sankarihautaan<\/td><\/tr><tr><td>M\u00f6nttinen Vihtori<\/td><td>19.06.1915<\/td><td>28.06.1944<\/td><td>haudattiin Joensuun sankarihautaan<\/td><\/tr><tr><td>Paksunen Johannes<\/td><td>02.07.1910<\/td><td>17.07.1941<\/td><td>kuoli sotasairaalassa, haudattiin Tuupovaaran sankarihautaan<\/td><\/tr><tr><td>Palviainen Toivo<\/td><td>30.03.1923<\/td><td>11.09.1944<\/td><td>kuoli haavoihinsa, haudattiin Joensuun sankarihautaan<\/td><\/tr><tr><td>Patronen Aleksanteri<\/td><td>02.02.1920<\/td><td>27.06.1944<\/td><td>haudattiin It\u00e4-Karjalan multaan, siunattiin kent\u00e4lle j\u00e4\u00e4neen\u00e4 Joensuun sankarihautaan<\/td><\/tr><tr><td>Patronen Yrj\u00f6<\/td><td>17.11.1924<\/td><td>15.07.1944<\/td><td>haudattiin Joensuun sankarihautaan<\/td><\/tr><tr><td>Potkonen Viktori<\/td><td>10.11.1922<\/td><td>06.07.1944<\/td><td>haudattiin Joensuun sankarihautaan<\/td><\/tr><tr><td>Pussinen V\u00e4in\u00f6<\/td><td>25.06.1917<\/td><td>16.08.1944<\/td><td>haudattiin Joensuun sankarihautaan<\/td><\/tr><tr><td>Puumalainen Alpo<\/td><td>15.11.1921<\/td><td>10.07.1944<\/td><td>siunattiin kent\u00e4lle j\u00e4\u00e4neen\u00e4 Joensuun sankarihautaan<\/td><\/tr><tr><td>Riikonen Vilho<\/td><td>19.01.1907<\/td><td><\/td><td>kuoli sotasairaalassa<\/td><\/tr><tr><td>Rinskoi Veikko<\/td><td>12.08.1921<\/td><td><\/td><td>katosi 31.8.1942 Ostossa<\/td><\/tr><tr><td>R\u00f6pelinen Aleksi<\/td><td>15.03.1915<\/td><td><\/td><td>kuoli 21.7.1949 sodassa saamansa sairauteen, haudattiin Mikkelin sankarihautaan<\/td><\/tr><tr><td>R\u00f6pelinen Alvi<\/td><td>20.09.1925<\/td><td>12.07.1944<\/td><td>haudattiin Joensuun sankarihautaan<\/td><\/tr><tr><td>R\u00f6pelinen Sergei<\/td><td>10.07.1921<\/td><td>17.07.1944<\/td><td>j\u00e4i kent\u00e4lle Ihantalassa<\/td><\/tr><tr><td>R\u00f6pelinen Viktor<\/td><td>20.05.1918<\/td><td><\/td><td>haavoittui 14.6.1944, kuoli 20.11.1946, haudattiin Iisalmen sankarihautaan<\/td><\/tr><tr><td>Savolainen Toivo Arvo<\/td><td>04.07.1918<\/td><td>24.06.1944<\/td><td>haudattiin Joensuun sankarihautaan<\/td><\/tr><tr><td>Sievers Anton Birger Rafael<\/td><td>24.11.1902<\/td><td>09.08.1941<\/td><td>kuoli haavoihinsa, haudattiin Hietaniemen sankarihautaan Helsinkiin<\/td><\/tr><tr><td>Sissonen Veikko<\/td><td>18.08.1925<\/td><td>28.09.1944<\/td><td>kuoli Vaasan sotilassairaalassa, haudattiin Tuupovaaran sankarihautaan<\/td><\/tr><tr><td>Soikkeli Vilho<\/td><td>26.05.1909<\/td><td>04.10.1941<\/td><td>haudattiin Hirvensalmen sankarihautaan<\/td><\/tr><tr><td>Solehmainen&nbsp; Herman<\/td><td>24.06.1915<\/td><td>20.07.1944<\/td><td>haudattiin Joensuun sankarihautaan<\/td><\/tr><tr><td>Solehmainen&nbsp; Johannes<\/td><td>17.04.1907<\/td><td>25.08.1944<\/td><td>kaatui Vaalimaassa<\/td><\/tr><tr><td>Sottinen Johannes<\/td><td>13.08.1914<\/td><td>28.06.1944<\/td><td>siunattiin kent\u00e4lle j\u00e4\u00e4neen\u00e4 Joensuun sankarihautaan<\/td><\/tr><tr><td>Toivanen Eino Anton<\/td><td>19.02.1899<\/td><td>05.07.1944<\/td><td>haudattiin Tampereen Kalevankankaan hautausmaan perhehautaan<\/td><\/tr><tr><td>Vornanen Aabel<\/td><td>20.10.1922<\/td><td>11.071944<\/td><td>siunattiin kent\u00e4lle j\u00e4\u00e4neen\u00e4 Joensuun sankarihautaan<\/td><\/tr><tr><td>Vornanen Alvi<\/td><td>02.05.1916<\/td><td>07.10.1944<\/td><td>kaatui Kemin Karihaarassa, haudattiin Joensuun sankarihautaan<\/td><\/tr><tr><td>Vornanen Dimitri<\/td><td>27.05.1909<\/td><td>11.08.1944<\/td><td>haudattiin Enon sankarihautaan<\/td><\/tr><tr><td>Viinim\u00e4ki Boris<\/td><td>07.07.1917<\/td><td>15.07.1944<\/td><td>haudattiin Joensuun sankarihautaan<\/td><\/tr><\/tbody><\/table><\/figure>\n","protected":false},"excerpt":{"rendered":"<p>Korpisel\u00e4n sankarihautausmaahan on haudattu yhteens\u00e4 85 sankarivainajaa, yksi siunattu kent\u00e4lle j\u00e4\u00e4neen\u00e4 ja yksi haudattu kirkonkyl\u00e4n hautausmaahan. Joensuun sankarihautausmaahan on haudattu 16 ja taistelukent\u00e4lle j\u00e4\u00e4nein\u00e4 &nbsp;siunattu 10 sankarivainajaa. Muualle haudattu tai siunattu kent\u00e4lle j\u00e4\u00e4neen\u00e4 21 sankarivainajaa. Taistelukent\u00e4lle h\u00e4visi 2 sotilasta. Vuosina 1939-1944 katosi 5 sotilasta. Korpiselk\u00e4l\u00e4isi\u00e4 menehtyi talvi- ja jatkosodassa yhteens\u00e4 141. KORPISEL\u00c4N SANKARIHAUTAUSMAAHAN&nbsp; HAUDATUT&nbsp; KORPISEL\u00c4N [&hellip;]<\/p>\n","protected":false},"author":7,"featured_media":0,"parent":0,"menu_order":0,"comment_status":"closed","ping_status":"closed","template":"","meta":{"footnotes":""},"class_list":["post-502","page","type-page","status-publish","hentry"],"_links":{"self":[{"href":"https:\/\/korpiselka.fi\/index.php?rest_route=\/wp\/v2\/pages\/502","targetHints":{"allow":["GET"]}}],"collection":[{"href":"https:\/\/korpiselka.fi\/index.php?rest_route=\/wp\/v2\/pages"}],"about":[{"href":"https:\/\/korpiselka.fi\/index.php?rest_route=\/wp\/v2\/types\/page"}],"author":[{"embeddable":true,"href":"https:\/\/korpiselka.fi\/index.php?rest_route=\/wp\/v2\/users\/7"}],"replies":[{"embeddable":true,"href":"https:\/\/korpiselka.fi\/index.php?rest_route=%2Fwp%2Fv2%2Fcomments&post=502"}],"version-history":[{"count":7,"href":"https:\/\/korpiselka.fi\/index.php?rest_route=\/wp\/v2\/pages\/502\/revisions"}],"predecessor-version":[{"id":679,"href":"https:\/\/korpiselka.fi\/index.php?rest_route=\/wp\/v2\/pages\/502\/revisions\/679"}],"wp:attachment":[{"href":"https:\/\/korpiselka.fi\/index.php?rest_route=%2Fwp%2Fv2%2Fmedia&parent=502"}],"curies":[{"name":"wp","href":"https:\/\/api.w.org\/{rel}","templated":true}]}}