{"id":489,"date":"2022-03-31T12:09:23","date_gmt":"2022-03-31T10:09:23","guid":{"rendered":"https:\/\/korpiselka.fi\/?page_id=489"},"modified":"2022-06-09T15:03:12","modified_gmt":"2022-06-09T13:03:12","slug":"kirkolliselama","status":"publish","type":"page","link":"https:\/\/korpiselka.fi\/?page_id=489","title":{"rendered":"KIRKOLLISEL\u00c4M\u00c4"},"content":{"rendered":"\n<p><strong>Kirkollisel\u00e4m\u00e4<\/strong><\/p>\n\n\n\n<p>Korpisel\u00e4n ortodoksinen seurakunta kuului Karjalan hiippakunnan kolmanteen valvontapiiriin. Seurakuntaan kuului Korpisel\u00e4n kylien lis\u00e4ksi Soanlahden Harsuvaaran, Havuvaaran ja Kuikan kyl\u00e4t. Seurakuntaan kuului vuonna 1938 noin 2&nbsp;200 henkil\u00f6\u00e4.<\/p>\n\n\n\n<p>Korpisel\u00e4n luterilainen rukoushuonekunta kuului Soanlahden seurakuntaan, joka kuului Viipurin hiippakunnan Sortavalan rovastikuntaan. Enimmill\u00e4\u00e4n luterilaisia oli noin 1&nbsp;300 henkil\u00f6\u00e4.<\/p>\n\n\n\n<p><strong>Ortodoksisen seurakunnan perustaminen<\/strong><\/p>\n\n\n\n<p>Korpiselk\u00e4 kuului keskiajalla Sortavalan ortodoksiseen em\u00e4seurakuntaan ja 1500-luvun lopulta l\u00e4htien Suoj\u00e4rven seurakuntaan. Korpisel\u00e4st\u00e4 perustettiin Suoj\u00e4rven alainen kappeliseurakunta vuonna 1799. Seurakunta itsen\u00e4istyi vuonna 1815.<\/p>\n\n\n\n<p><strong>Ortodoksiset kirkot ja tsasounat<\/strong><\/p>\n\n\n\n<p>Korpisel\u00e4n kyl\u00e4ss\u00e4 sijaitsi aluksi tsasouna. Sen viereen valmistui 1766 ensimm\u00e4inen kirkko. Kirkon k\u00e4yty\u00e4 pieneksi p\u00e4\u00e4tettiin rakentaa uusi kirkko, jota p\u00e4\u00e4stiin rakentamaan nopeasti, kun kauppiaspariskunta Saveli ja Maria Koivunen lahjoittivat kirkon rakentamiseen noin puolet rakentamiskustannuksista. Kirkon suunnitteli arkkitehti V. I. Barankejeff, rakennust\u00f6it\u00e4 valvoi J. V. M\u00e4kinen. Vanhan kirkon viereen kohonnut kirkko valmistui vuonna 1898, ja saman vuoden lokakuussa arkkipiispa Anton vihki sen. Kirkko pyhitettiin edelt\u00e4j\u00e4ns\u00e4 tavoin Pyh\u00e4lle Nikolaokselle. Vuonna 1903 vanha kirkko purettiin ja siirrettiin \u00c4gl\u00e4j\u00e4rven kyl\u00e4\u00e4n. Siell\u00e4 kirkko pyhitettiin pyhille apostoleille Pietarille ja Paavalille. Korpisel\u00e4n muita pyh\u00e4kk\u00f6j\u00e4 olivat \u00c4gl\u00e4j\u00e4rven vanha ja uusi tsasouna sek\u00e4 Tolvaj\u00e4rven, Kokkarin ja Tsokin tsasounat.<\/p>\n\n\n\n<div class=\"wp-block-image\"><figure class=\"aligncenter is-resized\"><a href=\"https:\/\/korpiselka.fi\/wp-content\/uploads\/2022\/01\/Kirkot.jpg\"><img loading=\"lazy\" decoding=\"async\" src=\"https:\/\/korpiselka.fi\/wp-content\/uploads\/2022\/01\/Kirkot.jpg\" alt=\"\" class=\"wp-image-124\" width=\"486\" height=\"561\" srcset=\"https:\/\/korpiselka.fi\/wp-content\/uploads\/2022\/01\/Kirkot.jpg 725w, https:\/\/korpiselka.fi\/wp-content\/uploads\/2022\/01\/Kirkot-260x300.jpg 260w\" sizes=\"auto, (max-width: 486px) 100vw, 486px\" \/><\/a><figcaption>Korpisel\u00e4n ort.kirkot vierekk\u00e4in. Rovasti Aleksanteri Kasanskin v.1899 ottama kuva (Aamun Koitto nr. 2\/1960).<\/figcaption><\/figure><\/div>\n\n\n\n<div style=\"height:36px\" aria-hidden=\"true\" class=\"wp-block-spacer\"><\/div>\n\n\n\n<figure class=\"wp-block-gallery has-nested-images columns-default is-cropped wp-block-gallery-1 is-layout-flex wp-block-gallery-is-layout-flex\">\n<figure class=\"wp-block-image size-large\"><a href=\"https:\/\/korpiselka.fi\/wp-content\/uploads\/2022\/03\/Korpiselan-ortodoksinen-kirkko.jpg\"><img loading=\"lazy\" decoding=\"async\" width=\"919\" height=\"716\" data-id=\"475\" src=\"https:\/\/korpiselka.fi\/wp-content\/uploads\/2022\/03\/Korpiselan-ortodoksinen-kirkko.jpg\" alt=\"\" class=\"wp-image-475\" srcset=\"https:\/\/korpiselka.fi\/wp-content\/uploads\/2022\/03\/Korpiselan-ortodoksinen-kirkko.jpg 919w, https:\/\/korpiselka.fi\/wp-content\/uploads\/2022\/03\/Korpiselan-ortodoksinen-kirkko-300x234.jpg 300w, https:\/\/korpiselka.fi\/wp-content\/uploads\/2022\/03\/Korpiselan-ortodoksinen-kirkko-768x598.jpg 768w\" sizes=\"auto, (max-width: 919px) 100vw, 919px\" \/><\/a><figcaption>Korpisel\u00e4n ortodoksinen kirkko<\/figcaption><\/figure>\n\n\n\n<figure class=\"wp-block-image size-large\"><a href=\"https:\/\/korpiselka.fi\/wp-content\/uploads\/2022\/06\/Kirkko-sisalta-1.jpg\"><img loading=\"lazy\" decoding=\"async\" width=\"513\" height=\"715\" data-id=\"663\" src=\"https:\/\/korpiselka.fi\/wp-content\/uploads\/2022\/06\/Kirkko-sisalta-1.jpg\" alt=\"\" class=\"wp-image-663\" srcset=\"https:\/\/korpiselka.fi\/wp-content\/uploads\/2022\/06\/Kirkko-sisalta-1.jpg 513w, https:\/\/korpiselka.fi\/wp-content\/uploads\/2022\/06\/Kirkko-sisalta-1-215x300.jpg 215w\" sizes=\"auto, (max-width: 513px) 100vw, 513px\" \/><\/a><figcaption>Kirkko sis\u00e4lt\u00e4<\/figcaption><\/figure>\n<\/figure>\n\n\n\n<figure class=\"wp-block-gallery has-nested-images columns-default is-cropped wp-block-gallery-2 is-layout-flex wp-block-gallery-is-layout-flex\">\n<figure class=\"wp-block-image size-large\"><a href=\"https:\/\/korpiselka.fi\/wp-content\/uploads\/2022\/03\/Aglajarven-ortodoksinen-kirkko.jpg\"><img loading=\"lazy\" decoding=\"async\" width=\"680\" height=\"459\" data-id=\"479\" src=\"https:\/\/korpiselka.fi\/wp-content\/uploads\/2022\/03\/Aglajarven-ortodoksinen-kirkko.jpg\" alt=\"\" class=\"wp-image-479\" srcset=\"https:\/\/korpiselka.fi\/wp-content\/uploads\/2022\/03\/Aglajarven-ortodoksinen-kirkko.jpg 680w, https:\/\/korpiselka.fi\/wp-content\/uploads\/2022\/03\/Aglajarven-ortodoksinen-kirkko-300x203.jpg 300w\" sizes=\"auto, (max-width: 680px) 100vw, 680px\" \/><\/a><figcaption>\u00c4gl\u00e4j\u00e4rven ortodoksinen kirkko<\/figcaption><\/figure>\n\n\n\n<figure class=\"wp-block-image size-large\"><a href=\"https:\/\/korpiselka.fi\/wp-content\/uploads\/2022\/06\/Aglajarven-kirkko-sisalta.jpg\"><img loading=\"lazy\" decoding=\"async\" width=\"731\" height=\"459\" data-id=\"664\" src=\"https:\/\/korpiselka.fi\/wp-content\/uploads\/2022\/06\/Aglajarven-kirkko-sisalta.jpg\" alt=\"\" class=\"wp-image-664\" srcset=\"https:\/\/korpiselka.fi\/wp-content\/uploads\/2022\/06\/Aglajarven-kirkko-sisalta.jpg 731w, https:\/\/korpiselka.fi\/wp-content\/uploads\/2022\/06\/Aglajarven-kirkko-sisalta-300x188.jpg 300w\" sizes=\"auto, (max-width: 731px) 100vw, 731px\" \/><\/a><figcaption>Kirkko sis\u00e4lt\u00e4<\/figcaption><\/figure>\n<\/figure>\n\n\n\n<figure class=\"wp-block-gallery has-nested-images columns-default is-cropped wp-block-gallery-3 is-layout-flex wp-block-gallery-is-layout-flex\">\n<figure class=\"wp-block-image size-large\"><a href=\"https:\/\/korpiselka.fi\/wp-content\/uploads\/2022\/03\/Aglajarven-tsasouna.jpg\"><img loading=\"lazy\" decoding=\"async\" width=\"750\" height=\"469\" data-id=\"481\" src=\"https:\/\/korpiselka.fi\/wp-content\/uploads\/2022\/03\/Aglajarven-tsasouna.jpg\" alt=\"\" class=\"wp-image-481\" srcset=\"https:\/\/korpiselka.fi\/wp-content\/uploads\/2022\/03\/Aglajarven-tsasouna.jpg 750w, https:\/\/korpiselka.fi\/wp-content\/uploads\/2022\/03\/Aglajarven-tsasouna-300x188.jpg 300w\" sizes=\"auto, (max-width: 750px) 100vw, 750px\" \/><\/a><figcaption>\u00c4gl\u00e4j\u00e4rven tsasouna<\/figcaption><\/figure>\n\n\n\n<figure class=\"wp-block-image size-large\"><a href=\"https:\/\/korpiselka.fi\/wp-content\/uploads\/2022\/06\/Aglajarven-tsasouna-sisalta.jpg\"><img loading=\"lazy\" decoding=\"async\" width=\"750\" height=\"530\" data-id=\"665\" src=\"https:\/\/korpiselka.fi\/wp-content\/uploads\/2022\/06\/Aglajarven-tsasouna-sisalta.jpg\" alt=\"\" class=\"wp-image-665\" srcset=\"https:\/\/korpiselka.fi\/wp-content\/uploads\/2022\/06\/Aglajarven-tsasouna-sisalta.jpg 750w, https:\/\/korpiselka.fi\/wp-content\/uploads\/2022\/06\/Aglajarven-tsasouna-sisalta-300x212.jpg 300w\" sizes=\"auto, (max-width: 750px) 100vw, 750px\" \/><\/a><figcaption>Tsasouna sis\u00e4lt\u00e4<\/figcaption><\/figure>\n<\/figure>\n\n\n\n<div class=\"wp-block-image\"><figure class=\"aligncenter size-full\"><a href=\"https:\/\/korpiselka.fi\/wp-content\/uploads\/2022\/06\/kalmistoalueen-kartta.jpg\"><img loading=\"lazy\" decoding=\"async\" width=\"651\" height=\"962\" src=\"https:\/\/korpiselka.fi\/wp-content\/uploads\/2022\/06\/kalmistoalueen-kartta.jpg\" alt=\"\" class=\"wp-image-667\" srcset=\"https:\/\/korpiselka.fi\/wp-content\/uploads\/2022\/06\/kalmistoalueen-kartta.jpg 651w, https:\/\/korpiselka.fi\/wp-content\/uploads\/2022\/06\/kalmistoalueen-kartta-203x300.jpg 203w\" sizes=\"auto, (max-width: 651px) 100vw, 651px\" \/><\/a><\/figure><\/div>\n\n\n\n<figure class=\"wp-block-gallery has-nested-images columns-default is-cropped wp-block-gallery-4 is-layout-flex wp-block-gallery-is-layout-flex\">\n<figure class=\"wp-block-image size-large\"><a href=\"https:\/\/korpiselka.fi\/wp-content\/uploads\/2022\/03\/Kokkarin-tsasouna.jpg\"><img loading=\"lazy\" decoding=\"async\" width=\"588\" height=\"755\" data-id=\"483\" src=\"https:\/\/korpiselka.fi\/wp-content\/uploads\/2022\/03\/Kokkarin-tsasouna.jpg\" alt=\"\" class=\"wp-image-483\" srcset=\"https:\/\/korpiselka.fi\/wp-content\/uploads\/2022\/03\/Kokkarin-tsasouna.jpg 588w, https:\/\/korpiselka.fi\/wp-content\/uploads\/2022\/03\/Kokkarin-tsasouna-234x300.jpg 234w\" sizes=\"auto, (max-width: 588px) 100vw, 588px\" \/><\/a><figcaption>Kokkarin tsasouna<\/figcaption><\/figure>\n\n\n\n<figure class=\"wp-block-image size-large\"><a href=\"https:\/\/korpiselka.fi\/wp-content\/uploads\/2022\/06\/Tolvajarven-tsasouna.jpg\"><img loading=\"lazy\" decoding=\"async\" width=\"830\" height=\"759\" data-id=\"666\" src=\"https:\/\/korpiselka.fi\/wp-content\/uploads\/2022\/06\/Tolvajarven-tsasouna.jpg\" alt=\"\" class=\"wp-image-666\" srcset=\"https:\/\/korpiselka.fi\/wp-content\/uploads\/2022\/06\/Tolvajarven-tsasouna.jpg 830w, https:\/\/korpiselka.fi\/wp-content\/uploads\/2022\/06\/Tolvajarven-tsasouna-300x274.jpg 300w, https:\/\/korpiselka.fi\/wp-content\/uploads\/2022\/06\/Tolvajarven-tsasouna-768x702.jpg 768w\" sizes=\"auto, (max-width: 830px) 100vw, 830px\" \/><\/a><figcaption>Tolvaj\u00e4rven tsasouna<\/figcaption><\/figure>\n<\/figure>\n\n\n\n<p><strong>Luterilainen rukoushuonekunta<\/strong><\/p>\n\n\n\n<p>Luterilaista v\u00e4est\u00f6\u00e4 alkoi muuttaa Korpiselk\u00e4\u00e4n vasta 1600-luvulla. Heit\u00e4 varten perustettiin vuonna 1851 saarnaajan virka, jonka haltija vastasi my\u00f6s Salmin, Suoj\u00e4rven ja Suistamon luterilaisten sielunhoidosta. Soanlahden kappeliseurakunta perustettiin vuonna 1855, jolloin siihen liitettiin my\u00f6s Korpiselk\u00e4. Soanlahden saarnaajan vastuulle tuli Suoj\u00e4rven, Salmin, Suistamon, Korpisel\u00e4n ja Soanlahden pit\u00e4j\u00e4t.<\/p>\n\n\n\n<p>Korpisel\u00e4n rukoushuonekunta perustettiin vuonna 1885, jolloin Soanlahden kappeliseurakunnasta tuli itsen\u00e4inen seurakunta. Korpisel\u00e4n luterilainen kirkko rakennettiin kirkonkyl\u00e4lle valtion varoin vuonna 1890. Siin\u00e4 ei ollut kellotornia, kelloja eik\u00e4 urkuja. Alttaritaulun aiheena oli Kristuksen kirkastuminen, ja sen oli maalannut vuonna 1911 korpiselk\u00e4l\u00e4inen taiteilija (my\u00f6h. taidehistorian professori) Onni Okkonen. Kirkon vihki Porvoon piispa Carl Henrik Alopaeus.<\/p>\n\n\n\n<figure class=\"wp-block-gallery has-nested-images columns-default is-cropped wp-block-gallery-5 is-layout-flex wp-block-gallery-is-layout-flex\">\n<figure class=\"wp-block-image size-large\"><a href=\"https:\/\/korpiselka.fi\/wp-content\/uploads\/2022\/03\/Korpiselan-luterilainen-kirkko.jpg\"><img loading=\"lazy\" decoding=\"async\" width=\"667\" height=\"482\" data-id=\"485\" src=\"https:\/\/korpiselka.fi\/wp-content\/uploads\/2022\/03\/Korpiselan-luterilainen-kirkko.jpg\" alt=\"\" class=\"wp-image-485\" srcset=\"https:\/\/korpiselka.fi\/wp-content\/uploads\/2022\/03\/Korpiselan-luterilainen-kirkko.jpg 667w, https:\/\/korpiselka.fi\/wp-content\/uploads\/2022\/03\/Korpiselan-luterilainen-kirkko-300x217.jpg 300w\" sizes=\"auto, (max-width: 667px) 100vw, 667px\" \/><\/a><\/figure>\n\n\n\n<figure class=\"wp-block-image size-large\"><a href=\"https:\/\/korpiselka.fi\/wp-content\/uploads\/2022\/06\/Luterilainen-kirkko-sisalta.jpg\"><img loading=\"lazy\" decoding=\"async\" width=\"680\" height=\"479\" data-id=\"670\" src=\"https:\/\/korpiselka.fi\/wp-content\/uploads\/2022\/06\/Luterilainen-kirkko-sisalta.jpg\" alt=\"\" class=\"wp-image-670\" srcset=\"https:\/\/korpiselka.fi\/wp-content\/uploads\/2022\/06\/Luterilainen-kirkko-sisalta.jpg 680w, https:\/\/korpiselka.fi\/wp-content\/uploads\/2022\/06\/Luterilainen-kirkko-sisalta-300x211.jpg 300w\" sizes=\"auto, (max-width: 680px) 100vw, 680px\" \/><\/a><\/figure>\n<\/figure>\n\n\n\n<p>Kirkkoa suunniteltiin laajennettavaksi siten, ett\u00e4 eteisen paikalle rakennettaisiin kellotorni ja kirkkosaliin rakennettaisiin lehteri urkuja varten. Laajennukset suunnitteli H.J. Pesonen vuosina 1926-1929, mutta opetusministeri\u00f6 vahvisti piirustukset vasta vuonna 1938. Rakennust\u00f6it\u00e4 ei ehditty koskaan aloittaa.<\/p>\n\n\n\n<p>Korpiselk\u00e4\u00e4n perustettiin Soanlahden seurakunnan kirkkoherran apulaisen virka vuonna 1908, mutta hakijoita ei ilmaantunut, vaikka virka oli toistuvasti auki. Vuonna 1909 virkaan m\u00e4\u00e4r\u00e4ttiin R\u00e4is\u00e4l\u00e4n kappalaisen viran armovuoden saarnaaja W. O. Aarnio. Omat kirkonkirjat Korpisel\u00e4n rukoushuonekunta sai vuonna 1909.<\/p>\n\n\n\n<div class=\"wp-block-image\"><figure class=\"aligncenter\"><a href=\"https:\/\/korpiselka.fi\/wp-content\/uploads\/2022\/03\/Korpiselan-luterilainen-kirkko-1941.jpg\"><img loading=\"lazy\" decoding=\"async\" width=\"480\" height=\"487\" src=\"https:\/\/korpiselka.fi\/wp-content\/uploads\/2022\/03\/Korpiselan-luterilainen-kirkko-1941.jpg\" alt=\"\" class=\"wp-image-492\" srcset=\"https:\/\/korpiselka.fi\/wp-content\/uploads\/2022\/03\/Korpiselan-luterilainen-kirkko-1941.jpg 480w, https:\/\/korpiselka.fi\/wp-content\/uploads\/2022\/03\/Korpiselan-luterilainen-kirkko-1941-296x300.jpg 296w, https:\/\/korpiselka.fi\/wp-content\/uploads\/2022\/03\/Korpiselan-luterilainen-kirkko-1941-60x60.jpg 60w\" sizes=\"auto, (max-width: 480px) 100vw, 480px\" \/><\/a><figcaption>Korpisel\u00e4n luterilainen kirkko 1941. SA-kuva<\/figcaption><\/figure><\/div>\n","protected":false},"excerpt":{"rendered":"<p>Kirkollisel\u00e4m\u00e4 Korpisel\u00e4n ortodoksinen seurakunta kuului Karjalan hiippakunnan kolmanteen valvontapiiriin. Seurakuntaan kuului Korpisel\u00e4n kylien lis\u00e4ksi Soanlahden Harsuvaaran, Havuvaaran ja Kuikan kyl\u00e4t. Seurakuntaan kuului vuonna 1938 noin 2&nbsp;200 henkil\u00f6\u00e4. Korpisel\u00e4n luterilainen rukoushuonekunta kuului Soanlahden seurakuntaan, joka kuului Viipurin hiippakunnan Sortavalan rovastikuntaan. Enimmill\u00e4\u00e4n luterilaisia oli noin 1&nbsp;300 henkil\u00f6\u00e4. Ortodoksisen seurakunnan perustaminen Korpiselk\u00e4 kuului keskiajalla Sortavalan ortodoksiseen em\u00e4seurakuntaan ja [&hellip;]<\/p>\n","protected":false},"author":7,"featured_media":0,"parent":0,"menu_order":0,"comment_status":"closed","ping_status":"closed","template":"page-fullwidth.php","meta":{"footnotes":""},"class_list":["post-489","page","type-page","status-publish","hentry"],"_links":{"self":[{"href":"https:\/\/korpiselka.fi\/index.php?rest_route=\/wp\/v2\/pages\/489","targetHints":{"allow":["GET"]}}],"collection":[{"href":"https:\/\/korpiselka.fi\/index.php?rest_route=\/wp\/v2\/pages"}],"about":[{"href":"https:\/\/korpiselka.fi\/index.php?rest_route=\/wp\/v2\/types\/page"}],"author":[{"embeddable":true,"href":"https:\/\/korpiselka.fi\/index.php?rest_route=\/wp\/v2\/users\/7"}],"replies":[{"embeddable":true,"href":"https:\/\/korpiselka.fi\/index.php?rest_route=%2Fwp%2Fv2%2Fcomments&post=489"}],"version-history":[{"count":6,"href":"https:\/\/korpiselka.fi\/index.php?rest_route=\/wp\/v2\/pages\/489\/revisions"}],"predecessor-version":[{"id":673,"href":"https:\/\/korpiselka.fi\/index.php?rest_route=\/wp\/v2\/pages\/489\/revisions\/673"}],"wp:attachment":[{"href":"https:\/\/korpiselka.fi\/index.php?rest_route=%2Fwp%2Fv2%2Fmedia&parent=489"}],"curies":[{"name":"wp","href":"https:\/\/api.w.org\/{rel}","templated":true}]}}