{"id":396,"date":"2022-02-13T21:01:00","date_gmt":"2022-02-13T19:01:00","guid":{"rendered":"https:\/\/korpiselka.fi\/?page_id=396"},"modified":"2022-08-23T18:51:03","modified_gmt":"2022-08-23T16:51:03","slug":"korpiselan-pitajakartta","status":"publish","type":"page","link":"https:\/\/korpiselka.fi\/?page_id=396","title":{"rendered":"KORPISEL\u00c4N PIT\u00c4J\u00c4KARTTA"},"content":{"rendered":"\n<div style=\"height:27px\" aria-hidden=\"true\" class=\"wp-block-spacer\"><\/div>\n\n\n\n<figure class=\"wp-block-image size-large\"><a href=\"https:\/\/korpiselka.fi\/wp-content\/uploads\/2022\/08\/Pitajan-kartta2-scaled.jpg\"><img loading=\"lazy\" decoding=\"async\" width=\"1024\" height=\"621\" src=\"https:\/\/korpiselka.fi\/wp-content\/uploads\/2022\/08\/Pitajan-kartta2-1024x621.jpg\" alt=\"\" class=\"wp-image-723\" srcset=\"https:\/\/korpiselka.fi\/wp-content\/uploads\/2022\/08\/Pitajan-kartta2-1024x621.jpg 1024w, https:\/\/korpiselka.fi\/wp-content\/uploads\/2022\/08\/Pitajan-kartta2-300x182.jpg 300w, https:\/\/korpiselka.fi\/wp-content\/uploads\/2022\/08\/Pitajan-kartta2-768x465.jpg 768w, https:\/\/korpiselka.fi\/wp-content\/uploads\/2022\/08\/Pitajan-kartta2-1536x931.jpg 1536w, https:\/\/korpiselka.fi\/wp-content\/uploads\/2022\/08\/Pitajan-kartta2-2048x1241.jpg 2048w\" sizes=\"auto, (max-width: 1024px) 100vw, 1024px\" \/><\/a><figcaption><em>Vanhat Karjalan kartat Maanmittauslaitos<\/em><\/figcaption><\/figure>\n\n\n\n<p>Korpiselk\u00e4 kuului Viipurin l\u00e4\u00e4niin.<\/p>\n\n\n\n<p>Sen rajanaapureita olivat Soanlahti, V\u00e4rtsil\u00e4, Tuupovaara, Ilomantsi, Suoj\u00e4rvi ja Suistamo.<\/p>\n\n\n\n<div style=\"height:35px\" aria-hidden=\"true\" class=\"wp-block-spacer\"><\/div>\n\n\n\n<figure class=\"wp-block-image size-full\"><a href=\"https:\/\/korpiselka.fi\/wp-content\/uploads\/2022\/02\/Vanha-pitaja.jpg\"><img loading=\"lazy\" decoding=\"async\" width=\"825\" height=\"564\" src=\"https:\/\/korpiselka.fi\/wp-content\/uploads\/2022\/02\/Vanha-pitaja.jpg\" alt=\"\" class=\"wp-image-397\" srcset=\"https:\/\/korpiselka.fi\/wp-content\/uploads\/2022\/02\/Vanha-pitaja.jpg 825w, https:\/\/korpiselka.fi\/wp-content\/uploads\/2022\/02\/Vanha-pitaja-300x205.jpg 300w, https:\/\/korpiselka.fi\/wp-content\/uploads\/2022\/02\/Vanha-pitaja-768x525.jpg 768w\" sizes=\"auto, (max-width: 825px) 100vw, 825px\" \/><\/a><\/figure>\n","protected":false},"excerpt":{"rendered":"<p>Korpiselk\u00e4 kuului Viipurin l\u00e4\u00e4niin. Sen rajanaapureita olivat Soanlahti, V\u00e4rtsil\u00e4, Tuupovaara, Ilomantsi, Suoj\u00e4rvi ja Suistamo.<\/p>\n","protected":false},"author":7,"featured_media":0,"parent":0,"menu_order":0,"comment_status":"closed","ping_status":"closed","template":"","meta":{"footnotes":""},"class_list":["post-396","page","type-page","status-publish","hentry"],"_links":{"self":[{"href":"https:\/\/korpiselka.fi\/index.php?rest_route=\/wp\/v2\/pages\/396","targetHints":{"allow":["GET"]}}],"collection":[{"href":"https:\/\/korpiselka.fi\/index.php?rest_route=\/wp\/v2\/pages"}],"about":[{"href":"https:\/\/korpiselka.fi\/index.php?rest_route=\/wp\/v2\/types\/page"}],"author":[{"embeddable":true,"href":"https:\/\/korpiselka.fi\/index.php?rest_route=\/wp\/v2\/users\/7"}],"replies":[{"embeddable":true,"href":"https:\/\/korpiselka.fi\/index.php?rest_route=%2Fwp%2Fv2%2Fcomments&post=396"}],"version-history":[{"count":6,"href":"https:\/\/korpiselka.fi\/index.php?rest_route=\/wp\/v2\/pages\/396\/revisions"}],"predecessor-version":[{"id":724,"href":"https:\/\/korpiselka.fi\/index.php?rest_route=\/wp\/v2\/pages\/396\/revisions\/724"}],"wp:attachment":[{"href":"https:\/\/korpiselka.fi\/index.php?rest_route=%2Fwp%2Fv2%2Fmedia&parent=396"}],"curies":[{"name":"wp","href":"https:\/\/api.w.org\/{rel}","templated":true}]}}