{"id":32,"date":"2022-01-26T12:49:52","date_gmt":"2022-01-26T12:49:52","guid":{"rendered":"https:\/\/korpiselka.fi\/?page_id=32"},"modified":"2022-06-08T19:37:22","modified_gmt":"2022-06-08T17:37:22","slug":"kuvia","status":"publish","type":"page","link":"https:\/\/korpiselka.fi\/?page_id=32","title":{"rendered":"KUVIA"},"content":{"rendered":"\n<h2 class=\"wp-block-heading\" id=\"vanhoja-valokuvia-korpiselasta-loytyy-naista-osoitteista\">Vanhoja valokuvia Korpisel\u00e4st\u00e4 l\u00f6ytyy n\u00e4ist\u00e4 osoitteista:<\/h2>\n\n\n\n<ul class=\"wp-block-list\"><li><a href=\"https:\/\/www.finna.fi\/Search\/Results?lookfor=korpiselk%C3%A4&amp;type=AllFields&amp;filter%5B%5D=online_boolean%3A%221%22&amp;filter%5B%5D=%7Esector_str_mv%3A%220%2Fmus%2F%22&amp;filter%5B%5D=%7Ebuilding%3A%220%2FMuseovirasto%2F%22&amp;filter%5B%5D=%7Eusage_rights_str_mv%3A%22usage_B%22&amp;dfApplied=1&amp;limit=100\" target=\"_blank\" rel=\"noreferrer noopener\">Finna.fi-palvelu<\/a><\/li><li><a href=\"http:\/\/sa-kuva.fi\/neo?tem=webneofin\" target=\"_blank\" rel=\"noreferrer noopener\">SA-kuva-arkisto<\/a>&nbsp;(kirjoita tesktihakuun: korpiselk\u00e4)<\/li><\/ul>\n\n\n\n<hr class=\"wp-block-separator is-style-wide\"\/>\n\n\n\n<figure class=\"wp-block-image size-full\"><a href=\"https:\/\/korpiselka.fi\/wp-content\/uploads\/2022\/01\/Retki.jpg\"><img loading=\"lazy\" decoding=\"async\" width=\"1020\" height=\"765\" src=\"https:\/\/korpiselka.fi\/wp-content\/uploads\/2022\/01\/Retki.jpg\" alt=\"\" class=\"wp-image-79\" srcset=\"https:\/\/korpiselka.fi\/wp-content\/uploads\/2022\/01\/Retki.jpg 1020w, https:\/\/korpiselka.fi\/wp-content\/uploads\/2022\/01\/Retki-300x225.jpg 300w, https:\/\/korpiselka.fi\/wp-content\/uploads\/2022\/01\/Retki-768x576.jpg 768w\" sizes=\"auto, (max-width: 1020px) 100vw, 1020px\" \/><\/a><figcaption><em>Ristisaaton ruokailu <\/em><\/figcaption><\/figure>\n\n\n\n<figure class=\"wp-block-image size-large\"><a href=\"https:\/\/korpiselka.fi\/wp-content\/uploads\/2022\/01\/Juhlat.jpg\"><img loading=\"lazy\" decoding=\"async\" width=\"1024\" height=\"1024\" src=\"https:\/\/korpiselka.fi\/wp-content\/uploads\/2022\/01\/Juhlat-1024x1024.jpg\" alt=\"\" class=\"wp-image-91\" srcset=\"https:\/\/korpiselka.fi\/wp-content\/uploads\/2022\/01\/Juhlat-1024x1024.jpg 1024w, https:\/\/korpiselka.fi\/wp-content\/uploads\/2022\/01\/Juhlat-300x300.jpg 300w, https:\/\/korpiselka.fi\/wp-content\/uploads\/2022\/01\/Juhlat-150x150.jpg 150w, https:\/\/korpiselka.fi\/wp-content\/uploads\/2022\/01\/Juhlat-768x767.jpg 768w, https:\/\/korpiselka.fi\/wp-content\/uploads\/2022\/01\/Juhlat-1536x1536.jpg 1536w, https:\/\/korpiselka.fi\/wp-content\/uploads\/2022\/01\/Juhlat-60x60.jpg 60w, https:\/\/korpiselka.fi\/wp-content\/uploads\/2022\/01\/Juhlat.jpg 2048w\" sizes=\"auto, (max-width: 1024px) 100vw, 1024px\" \/><\/a><figcaption>Maanpulustusjuhla Korpiselk\u00e4talolla<\/figcaption><\/figure>\n\n\n\n<figure class=\"wp-block-image size-full\"><a href=\"https:\/\/korpiselka.fi\/wp-content\/uploads\/2022\/01\/Hautausmaalla.jpg\"><img loading=\"lazy\" decoding=\"async\" width=\"1020\" height=\"765\" src=\"https:\/\/korpiselka.fi\/wp-content\/uploads\/2022\/01\/Hautausmaalla.jpg\" alt=\"\" class=\"wp-image-92\" srcset=\"https:\/\/korpiselka.fi\/wp-content\/uploads\/2022\/01\/Hautausmaalla.jpg 1020w, https:\/\/korpiselka.fi\/wp-content\/uploads\/2022\/01\/Hautausmaalla-300x225.jpg 300w, https:\/\/korpiselka.fi\/wp-content\/uploads\/2022\/01\/Hautausmaalla-768x576.jpg 768w\" sizes=\"auto, (max-width: 1020px) 100vw, 1020px\" \/><\/a><figcaption><em>Muistopalvelus Korpisel\u00e4n sankarihautausmaalla<\/em><\/figcaption><\/figure>\n\n\n\n<figure class=\"wp-block-image size-large\"><a href=\"https:\/\/korpiselka.fi\/wp-content\/uploads\/2022\/01\/Laulua.jpg\"><img loading=\"lazy\" decoding=\"async\" width=\"1024\" height=\"768\" src=\"https:\/\/korpiselka.fi\/wp-content\/uploads\/2022\/01\/Laulua-1024x768.jpg\" alt=\"\" class=\"wp-image-93\" srcset=\"https:\/\/korpiselka.fi\/wp-content\/uploads\/2022\/01\/Laulua-1024x768.jpg 1024w, https:\/\/korpiselka.fi\/wp-content\/uploads\/2022\/01\/Laulua-300x225.jpg 300w, https:\/\/korpiselka.fi\/wp-content\/uploads\/2022\/01\/Laulua-768x576.jpg 768w, https:\/\/korpiselka.fi\/wp-content\/uploads\/2022\/01\/Laulua-1536x1152.jpg 1536w, https:\/\/korpiselka.fi\/wp-content\/uploads\/2022\/01\/Laulua.jpg 2048w\" sizes=\"auto, (max-width: 1024px) 100vw, 1024px\" \/><\/a><figcaption><em>Elokuun lauluilta Matveisen <\/em>vanhalla navetalla<\/figcaption><\/figure>\n\n\n\n<figure class=\"wp-block-image size-large\"><a href=\"https:\/\/korpiselka.fi\/wp-content\/uploads\/2022\/01\/16-scaled.jpg\"><img loading=\"lazy\" decoding=\"async\" width=\"1024\" height=\"683\" src=\"https:\/\/korpiselka.fi\/wp-content\/uploads\/2022\/01\/16-1024x683.jpg\" alt=\"\" class=\"wp-image-94\" srcset=\"https:\/\/korpiselka.fi\/wp-content\/uploads\/2022\/01\/16-1024x683.jpg 1024w, https:\/\/korpiselka.fi\/wp-content\/uploads\/2022\/01\/16-300x200.jpg 300w, https:\/\/korpiselka.fi\/wp-content\/uploads\/2022\/01\/16-768x512.jpg 768w, https:\/\/korpiselka.fi\/wp-content\/uploads\/2022\/01\/16-1536x1024.jpg 1536w, https:\/\/korpiselka.fi\/wp-content\/uploads\/2022\/01\/16-2048x1365.jpg 2048w\" sizes=\"auto, (max-width: 1024px) 100vw, 1024px\" \/><\/a><figcaption><em>Muistomerkki Hoilolan ortodoksisen kirkon pihapiiriss\u00e4<\/em><\/figcaption><\/figure>\n\n\n\n<figure class=\"wp-block-image size-large\"><a href=\"https:\/\/korpiselka.fi\/wp-content\/uploads\/2022\/01\/12-1-scaled.jpg\"><img loading=\"lazy\" decoding=\"async\" width=\"1024\" height=\"683\" src=\"https:\/\/korpiselka.fi\/wp-content\/uploads\/2022\/01\/12-1-1024x683.jpg\" alt=\"\" class=\"wp-image-95\" srcset=\"https:\/\/korpiselka.fi\/wp-content\/uploads\/2022\/01\/12-1-1024x683.jpg 1024w, https:\/\/korpiselka.fi\/wp-content\/uploads\/2022\/01\/12-1-300x200.jpg 300w, https:\/\/korpiselka.fi\/wp-content\/uploads\/2022\/01\/12-1-768x512.jpg 768w, https:\/\/korpiselka.fi\/wp-content\/uploads\/2022\/01\/12-1-1536x1024.jpg 1536w, https:\/\/korpiselka.fi\/wp-content\/uploads\/2022\/01\/12-1-2048x1365.jpg 2048w\" sizes=\"auto, (max-width: 1024px) 100vw, 1024px\" \/><\/a><figcaption>Runonlaulajan patsas Onninvirralla<\/figcaption><\/figure>\n\n\n\n<figure class=\"wp-block-image size-large\"><a href=\"https:\/\/korpiselka.fi\/wp-content\/uploads\/2022\/01\/13-scaled.jpg\"><img loading=\"lazy\" decoding=\"async\" width=\"1024\" height=\"683\" src=\"https:\/\/korpiselka.fi\/wp-content\/uploads\/2022\/01\/13-1024x683.jpg\" alt=\"\" class=\"wp-image-96\" srcset=\"https:\/\/korpiselka.fi\/wp-content\/uploads\/2022\/01\/13-1024x683.jpg 1024w, https:\/\/korpiselka.fi\/wp-content\/uploads\/2022\/01\/13-300x200.jpg 300w, https:\/\/korpiselka.fi\/wp-content\/uploads\/2022\/01\/13-768x512.jpg 768w, https:\/\/korpiselka.fi\/wp-content\/uploads\/2022\/01\/13-1536x1024.jpg 1536w, https:\/\/korpiselka.fi\/wp-content\/uploads\/2022\/01\/13-2048x1365.jpg 2048w\" sizes=\"auto, (max-width: 1024px) 100vw, 1024px\" \/><\/a><figcaption><em>Korpiselk\u00e4talo<\/em><\/figcaption><\/figure>\n\n\n\n<div style=\"height:38px\" aria-hidden=\"true\" class=\"wp-block-spacer\"><\/div>\n\n\n\n<h2 class=\"wp-block-heading\">Kuvia kirkonkyl\u00e4n hautausmaalta<\/h2>\n\n\n\n<p>Klikkaamalla kuvat saa suuremmaksi<\/p>\n\n\n\n<figure class=\"wp-block-gallery has-nested-images columns-default is-cropped wp-block-gallery-1 is-layout-flex wp-block-gallery-is-layout-flex\">\n<figure class=\"wp-block-image size-large\"><a href=\"https:\/\/korpiselka.fi\/wp-content\/uploads\/2022\/06\/Kirkonkylan-kivi-1-1.jpg\"><img loading=\"lazy\" decoding=\"async\" width=\"718\" height=\"404\" data-id=\"641\" src=\"https:\/\/korpiselka.fi\/wp-content\/uploads\/2022\/06\/Kirkonkylan-kivi-1-1.jpg\" alt=\"\" class=\"wp-image-641\" srcset=\"https:\/\/korpiselka.fi\/wp-content\/uploads\/2022\/06\/Kirkonkylan-kivi-1-1.jpg 718w, https:\/\/korpiselka.fi\/wp-content\/uploads\/2022\/06\/Kirkonkylan-kivi-1-1-300x169.jpg 300w\" sizes=\"auto, (max-width: 718px) 100vw, 718px\" \/><\/a><\/figure>\n\n\n\n<figure class=\"wp-block-image size-large\"><a href=\"https:\/\/korpiselka.fi\/wp-content\/uploads\/2022\/06\/Kirkonkylan-kivi-2-1.jpg\"><img loading=\"lazy\" decoding=\"async\" width=\"718\" height=\"404\" data-id=\"642\" src=\"https:\/\/korpiselka.fi\/wp-content\/uploads\/2022\/06\/Kirkonkylan-kivi-2-1.jpg\" alt=\"\" class=\"wp-image-642\" srcset=\"https:\/\/korpiselka.fi\/wp-content\/uploads\/2022\/06\/Kirkonkylan-kivi-2-1.jpg 718w, https:\/\/korpiselka.fi\/wp-content\/uploads\/2022\/06\/Kirkonkylan-kivi-2-1-300x169.jpg 300w\" sizes=\"auto, (max-width: 718px) 100vw, 718px\" \/><\/a><\/figure>\n\n\n\n<figure class=\"wp-block-image size-large\"><a href=\"https:\/\/korpiselka.fi\/wp-content\/uploads\/2022\/06\/kirkonkylan-kivi-3-1.jpg\"><img loading=\"lazy\" decoding=\"async\" width=\"576\" height=\"837\" data-id=\"646\" src=\"https:\/\/korpiselka.fi\/wp-content\/uploads\/2022\/06\/kirkonkylan-kivi-3-1.jpg\" alt=\"\" class=\"wp-image-646\" srcset=\"https:\/\/korpiselka.fi\/wp-content\/uploads\/2022\/06\/kirkonkylan-kivi-3-1.jpg 576w, https:\/\/korpiselka.fi\/wp-content\/uploads\/2022\/06\/kirkonkylan-kivi-3-1-206x300.jpg 206w\" sizes=\"auto, (max-width: 576px) 100vw, 576px\" \/><\/a><\/figure>\n\n\n\n<figure class=\"wp-block-image size-large\"><a href=\"https:\/\/korpiselka.fi\/wp-content\/uploads\/2022\/06\/Kirkonkylan-kivi-4-1.jpg\"><img loading=\"lazy\" decoding=\"async\" width=\"828\" height=\"466\" data-id=\"643\" src=\"https:\/\/korpiselka.fi\/wp-content\/uploads\/2022\/06\/Kirkonkylan-kivi-4-1.jpg\" alt=\"\" class=\"wp-image-643\" srcset=\"https:\/\/korpiselka.fi\/wp-content\/uploads\/2022\/06\/Kirkonkylan-kivi-4-1.jpg 828w, https:\/\/korpiselka.fi\/wp-content\/uploads\/2022\/06\/Kirkonkylan-kivi-4-1-300x169.jpg 300w, https:\/\/korpiselka.fi\/wp-content\/uploads\/2022\/06\/Kirkonkylan-kivi-4-1-768x432.jpg 768w\" sizes=\"auto, (max-width: 828px) 100vw, 828px\" \/><\/a><\/figure>\n\n\n\n<figure class=\"wp-block-image size-large\"><a href=\"https:\/\/korpiselka.fi\/wp-content\/uploads\/2022\/06\/kirkonkylan-kivi-5-1-rotated.jpg\"><img loading=\"lazy\" decoding=\"async\" width=\"505\" height=\"898\" data-id=\"647\" src=\"https:\/\/korpiselka.fi\/wp-content\/uploads\/2022\/06\/kirkonkylan-kivi-5-1-rotated.jpg\" alt=\"\" class=\"wp-image-647\" srcset=\"https:\/\/korpiselka.fi\/wp-content\/uploads\/2022\/06\/kirkonkylan-kivi-5-1-rotated.jpg 505w, https:\/\/korpiselka.fi\/wp-content\/uploads\/2022\/06\/kirkonkylan-kivi-5-1-169x300.jpg 169w\" sizes=\"auto, (max-width: 505px) 100vw, 505px\" \/><\/a><\/figure>\n\n\n\n<figure class=\"wp-block-image size-large\"><a href=\"https:\/\/korpiselka.fi\/wp-content\/uploads\/2022\/06\/Kirkonkylan-kivi-6-1-rotated.jpg\"><img loading=\"lazy\" decoding=\"async\" width=\"504\" height=\"896\" data-id=\"648\" src=\"https:\/\/korpiselka.fi\/wp-content\/uploads\/2022\/06\/Kirkonkylan-kivi-6-1-rotated.jpg\" alt=\"\" class=\"wp-image-648\" srcset=\"https:\/\/korpiselka.fi\/wp-content\/uploads\/2022\/06\/Kirkonkylan-kivi-6-1-rotated.jpg 504w, https:\/\/korpiselka.fi\/wp-content\/uploads\/2022\/06\/Kirkonkylan-kivi-6-1-169x300.jpg 169w\" sizes=\"auto, (max-width: 504px) 100vw, 504px\" \/><\/a><\/figure>\n\n\n\n<figure class=\"wp-block-image size-large\"><a href=\"https:\/\/korpiselka.fi\/wp-content\/uploads\/2022\/06\/Kirkonkylan-kivi-7-1.jpg\"><img loading=\"lazy\" decoding=\"async\" width=\"572\" height=\"1024\" data-id=\"649\" src=\"https:\/\/korpiselka.fi\/wp-content\/uploads\/2022\/06\/Kirkonkylan-kivi-7-1-572x1024.jpg\" alt=\"\" class=\"wp-image-649\" srcset=\"https:\/\/korpiselka.fi\/wp-content\/uploads\/2022\/06\/Kirkonkylan-kivi-7-1-572x1024.jpg 572w, https:\/\/korpiselka.fi\/wp-content\/uploads\/2022\/06\/Kirkonkylan-kivi-7-1-168x300.jpg 168w, https:\/\/korpiselka.fi\/wp-content\/uploads\/2022\/06\/Kirkonkylan-kivi-7-1.jpg 685w\" sizes=\"auto, (max-width: 572px) 100vw, 572px\" \/><\/a><\/figure>\n\n\n\n<figure class=\"wp-block-image size-large\"><a href=\"https:\/\/korpiselka.fi\/wp-content\/uploads\/2022\/06\/Kirkonkylan-kivi-8-1.jpg\"><img loading=\"lazy\" decoding=\"async\" width=\"561\" height=\"1024\" data-id=\"645\" src=\"https:\/\/korpiselka.fi\/wp-content\/uploads\/2022\/06\/Kirkonkylan-kivi-8-1-561x1024.jpg\" alt=\"\" class=\"wp-image-645\" srcset=\"https:\/\/korpiselka.fi\/wp-content\/uploads\/2022\/06\/Kirkonkylan-kivi-8-1-561x1024.jpg 561w, https:\/\/korpiselka.fi\/wp-content\/uploads\/2022\/06\/Kirkonkylan-kivi-8-1-164x300.jpg 164w, https:\/\/korpiselka.fi\/wp-content\/uploads\/2022\/06\/Kirkonkylan-kivi-8-1.jpg 677w\" sizes=\"auto, (max-width: 561px) 100vw, 561px\" \/><\/a><\/figure>\n\n\n\n<figure class=\"wp-block-image size-large\"><a href=\"https:\/\/korpiselka.fi\/wp-content\/uploads\/2022\/06\/Kirkonkylan-kivi-9-1.jpg\"><img loading=\"lazy\" decoding=\"async\" width=\"935\" height=\"526\" data-id=\"644\" src=\"https:\/\/korpiselka.fi\/wp-content\/uploads\/2022\/06\/Kirkonkylan-kivi-9-1.jpg\" alt=\"\" class=\"wp-image-644\" srcset=\"https:\/\/korpiselka.fi\/wp-content\/uploads\/2022\/06\/Kirkonkylan-kivi-9-1.jpg 935w, https:\/\/korpiselka.fi\/wp-content\/uploads\/2022\/06\/Kirkonkylan-kivi-9-1-300x169.jpg 300w, https:\/\/korpiselka.fi\/wp-content\/uploads\/2022\/06\/Kirkonkylan-kivi-9-1-768x432.jpg 768w\" sizes=\"auto, (max-width: 935px) 100vw, 935px\" \/><\/a><\/figure>\n<\/figure>\n\n\n\n<h2 class=\"wp-block-heading\">Kuvia Kokkarin ja Tsokin yhteisest\u00e4 kalmistosta<\/h2>\n\n\n\n<figure class=\"wp-block-gallery has-nested-images columns-default is-cropped wp-block-gallery-2 is-layout-flex wp-block-gallery-is-layout-flex\">\n<figure class=\"wp-block-image size-large\"><a href=\"https:\/\/korpiselka.fi\/wp-content\/uploads\/2022\/06\/Kokkari-1.jpg\"><img loading=\"lazy\" decoding=\"async\" width=\"1024\" height=\"576\" data-id=\"653\" src=\"https:\/\/korpiselka.fi\/wp-content\/uploads\/2022\/06\/Kokkari-1-1024x576.jpg\" alt=\"\" class=\"wp-image-653\" srcset=\"https:\/\/korpiselka.fi\/wp-content\/uploads\/2022\/06\/Kokkari-1-1024x576.jpg 1024w, https:\/\/korpiselka.fi\/wp-content\/uploads\/2022\/06\/Kokkari-1-300x169.jpg 300w, https:\/\/korpiselka.fi\/wp-content\/uploads\/2022\/06\/Kokkari-1-768x432.jpg 768w, https:\/\/korpiselka.fi\/wp-content\/uploads\/2022\/06\/Kokkari-1.jpg 1164w\" sizes=\"auto, (max-width: 1024px) 100vw, 1024px\" \/><\/a><\/figure>\n\n\n\n<figure class=\"wp-block-image size-large\"><a href=\"https:\/\/korpiselka.fi\/wp-content\/uploads\/2022\/06\/Kokkari-2.jpg\"><img loading=\"lazy\" decoding=\"async\" width=\"576\" height=\"1024\" data-id=\"654\" src=\"https:\/\/korpiselka.fi\/wp-content\/uploads\/2022\/06\/Kokkari-2-576x1024.jpg\" alt=\"\" class=\"wp-image-654\" srcset=\"https:\/\/korpiselka.fi\/wp-content\/uploads\/2022\/06\/Kokkari-2-576x1024.jpg 576w, https:\/\/korpiselka.fi\/wp-content\/uploads\/2022\/06\/Kokkari-2-169x300.jpg 169w, https:\/\/korpiselka.fi\/wp-content\/uploads\/2022\/06\/Kokkari-2.jpg 690w\" sizes=\"auto, (max-width: 576px) 100vw, 576px\" \/><\/a><\/figure>\n\n\n\n<figure class=\"wp-block-image size-large\"><a href=\"https:\/\/korpiselka.fi\/wp-content\/uploads\/2022\/06\/Kokkari-3.jpg\"><img loading=\"lazy\" decoding=\"async\" width=\"576\" height=\"1024\" data-id=\"655\" src=\"https:\/\/korpiselka.fi\/wp-content\/uploads\/2022\/06\/Kokkari-3-576x1024.jpg\" alt=\"\" class=\"wp-image-655\" srcset=\"https:\/\/korpiselka.fi\/wp-content\/uploads\/2022\/06\/Kokkari-3-576x1024.jpg 576w, https:\/\/korpiselka.fi\/wp-content\/uploads\/2022\/06\/Kokkari-3-169x300.jpg 169w, https:\/\/korpiselka.fi\/wp-content\/uploads\/2022\/06\/Kokkari-3.jpg 683w\" sizes=\"auto, (max-width: 576px) 100vw, 576px\" \/><\/a><\/figure>\n\n\n\n<figure class=\"wp-block-image size-large\"><a href=\"https:\/\/korpiselka.fi\/wp-content\/uploads\/2022\/06\/Kokkari-4.jpg\"><img loading=\"lazy\" decoding=\"async\" width=\"677\" height=\"381\" data-id=\"650\" src=\"https:\/\/korpiselka.fi\/wp-content\/uploads\/2022\/06\/Kokkari-4.jpg\" alt=\"\" class=\"wp-image-650\" srcset=\"https:\/\/korpiselka.fi\/wp-content\/uploads\/2022\/06\/Kokkari-4.jpg 677w, https:\/\/korpiselka.fi\/wp-content\/uploads\/2022\/06\/Kokkari-4-300x169.jpg 300w\" sizes=\"auto, (max-width: 677px) 100vw, 677px\" \/><\/a><\/figure>\n\n\n\n<figure class=\"wp-block-image size-large\"><a href=\"https:\/\/korpiselka.fi\/wp-content\/uploads\/2022\/06\/Kokkari-5.jpg\"><img loading=\"lazy\" decoding=\"async\" width=\"697\" height=\"392\" data-id=\"652\" src=\"https:\/\/korpiselka.fi\/wp-content\/uploads\/2022\/06\/Kokkari-5.jpg\" alt=\"\" class=\"wp-image-652\" srcset=\"https:\/\/korpiselka.fi\/wp-content\/uploads\/2022\/06\/Kokkari-5.jpg 697w, https:\/\/korpiselka.fi\/wp-content\/uploads\/2022\/06\/Kokkari-5-300x169.jpg 300w\" sizes=\"auto, (max-width: 697px) 100vw, 697px\" \/><\/a><\/figure>\n\n\n\n<figure class=\"wp-block-image size-large\"><a href=\"https:\/\/korpiselka.fi\/wp-content\/uploads\/2022\/06\/Kokkari-6.jpg\"><img loading=\"lazy\" decoding=\"async\" width=\"709\" height=\"399\" data-id=\"651\" src=\"https:\/\/korpiselka.fi\/wp-content\/uploads\/2022\/06\/Kokkari-6.jpg\" alt=\"\" class=\"wp-image-651\" srcset=\"https:\/\/korpiselka.fi\/wp-content\/uploads\/2022\/06\/Kokkari-6.jpg 709w, https:\/\/korpiselka.fi\/wp-content\/uploads\/2022\/06\/Kokkari-6-300x169.jpg 300w\" sizes=\"auto, (max-width: 709px) 100vw, 709px\" \/><\/a><\/figure>\n<\/figure>\n","protected":false},"excerpt":{"rendered":"<p>Vanhoja valokuvia Korpisel\u00e4st\u00e4 l\u00f6ytyy n\u00e4ist\u00e4 osoitteista: Finna.fi-palvelu SA-kuva-arkisto&nbsp;(kirjoita tesktihakuun: korpiselk\u00e4) Kuvia kirkonkyl\u00e4n hautausmaalta Klikkaamalla kuvat saa suuremmaksi Kuvia Kokkarin ja Tsokin yhteisest\u00e4 kalmistosta<\/p>\n","protected":false},"author":7,"featured_media":0,"parent":0,"menu_order":0,"comment_status":"closed","ping_status":"closed","template":"","meta":{"footnotes":""},"class_list":["post-32","page","type-page","status-publish","hentry"],"_links":{"self":[{"href":"https:\/\/korpiselka.fi\/index.php?rest_route=\/wp\/v2\/pages\/32","targetHints":{"allow":["GET"]}}],"collection":[{"href":"https:\/\/korpiselka.fi\/index.php?rest_route=\/wp\/v2\/pages"}],"about":[{"href":"https:\/\/korpiselka.fi\/index.php?rest_route=\/wp\/v2\/types\/page"}],"author":[{"embeddable":true,"href":"https:\/\/korpiselka.fi\/index.php?rest_route=\/wp\/v2\/users\/7"}],"replies":[{"embeddable":true,"href":"https:\/\/korpiselka.fi\/index.php?rest_route=%2Fwp%2Fv2%2Fcomments&post=32"}],"version-history":[{"count":6,"href":"https:\/\/korpiselka.fi\/index.php?rest_route=\/wp\/v2\/pages\/32\/revisions"}],"predecessor-version":[{"id":656,"href":"https:\/\/korpiselka.fi\/index.php?rest_route=\/wp\/v2\/pages\/32\/revisions\/656"}],"wp:attachment":[{"href":"https:\/\/korpiselka.fi\/index.php?rest_route=%2Fwp%2Fv2%2Fmedia&parent=32"}],"curies":[{"name":"wp","href":"https:\/\/api.w.org\/{rel}","templated":true}]}}