{"id":28,"date":"2022-01-26T12:49:04","date_gmt":"2022-01-26T12:49:04","guid":{"rendered":"https:\/\/korpiselka.fi\/?page_id=28"},"modified":"2022-02-23T19:46:30","modified_gmt":"2022-02-23T17:46:30","slug":"liity-jaseneksi","status":"publish","type":"page","link":"https:\/\/korpiselka.fi\/?page_id=28","title":{"rendered":"LIITY J\u00c4SENEKSI"},"content":{"rendered":"\n<h2 class=\"wp-block-heading\" id=\"tervetuloa-pitajaseuran-jaseneksi\">Tervetuloa pit\u00e4j\u00e4seuran j\u00e4seneksi!<\/h2>\n\n\n\n<p>Ota yhteytt\u00e4 seuran sihteeriin:&nbsp;Eila Ronkainen, p. 040 719 8552&nbsp;<\/p>\n\n\n\n<p>eilamaria.ronkainen@gmail.com<\/p>\n\n\n\n<p>Seuran j\u00e4senmaksu on 10 \u20ac \/ j\u00e4sen.<\/p>\n\n\n\n<p>Halutessasi voit liitty\u00e4 my\u00f6s Karjalan liiton j\u00e4seneksi. Liiton j\u00e4senmaksu vuonna 2021&nbsp;on 20 \u20ac \/ j\u00e4sen. <\/p>\n\n\n\n<p>Liiton j\u00e4senen\u00e4 saat nelj\u00e4 kertaa vuodessa ilmestyv\u00e4n Karjalan kunnaat -j\u00e4senlehden tai verkkolehden. Karjala-kortilla saat alennuksia kes\u00e4juhlien p\u00e4\u00e4sylipuista, kursseista, matkoista, erilaisista tilaisuuksista ja myyntituotteista. Liittym\u00e4ll\u00e4 liiton j\u00e4seneksi tuet samalla karjalaista kulttuuria ja perint\u00f6\u00e4.<\/p>\n\n\n\n<p>Katso Karjalan Liiton tiedote monij\u00e4senyydest\u00e4;&nbsp;<a rel=\"noreferrer noopener\" href=\"https:\/\/www.karjalanliitto.fi\/jasenyys.html\" target=\"_blank\">https:\/\/www.karjalanliitto.fi\/jasenyys.html<\/a><\/p>\n\n\n\n<p><strong>J\u00e4senetuja<\/strong><\/p>\n\n\n\n<p>Fysioterapia Sulavi, Joensuu, Kulho, Tuupovaara, www.fysioterapiasulavi.fi<\/p>\n\n\n\n<ul class=\"wp-block-list\"><li>Pit\u00e4j\u00e4seuran j\u00e4senille fysioterapia- ja liikuntapalveluista -15 % tai osta kolme maksa kaksi -periaatteella vuoden 2021 ajan<\/li><li>Kysy asioinnin tunnussana seuran sihteerilt\u00e4<\/li><\/ul>\n\n\n\n<div style=\"height:29px\" aria-hidden=\"true\" class=\"wp-block-spacer\"><\/div>\n\n\n\n<hr class=\"wp-block-separator\"\/>\n\n\n\n<p>Voit l\u00e4hett\u00e4\u00e4 Korpisel\u00e4n pit\u00e4j\u00e4seuran j\u00e4senhakemuksen t\u00e4ytt\u00e4m\u00e4ll\u00e4 alla olevan lomakkeen.<\/p>\n\n\n\n<div style=\"height:34px\" aria-hidden=\"true\" class=\"wp-block-spacer\"><\/div>\n\n\n\n<div class=\"wp-block-contact-form-7-contact-form-selector\">\n<div class=\"wpcf7 no-js\" id=\"wpcf7-f458-o1\" lang=\"fi\" dir=\"ltr\" data-wpcf7-id=\"458\">\n<div class=\"screen-reader-response\"><p role=\"status\" aria-live=\"polite\" aria-atomic=\"true\"><\/p> <ul><\/ul><\/div>\n<form action=\"\/index.php?rest_route=%2Fwp%2Fv2%2Fpages%2F28#wpcf7-f458-o1\" method=\"post\" class=\"wpcf7-form init\" aria-label=\"Yhteydenottolomake\" novalidate=\"novalidate\" data-status=\"init\">\n<fieldset class=\"hidden-fields-container\"><input type=\"hidden\" name=\"_wpcf7\" value=\"458\" \/><input type=\"hidden\" name=\"_wpcf7_version\" value=\"6.1.5\" \/><input type=\"hidden\" name=\"_wpcf7_locale\" value=\"fi\" \/><input type=\"hidden\" name=\"_wpcf7_unit_tag\" value=\"wpcf7-f458-o1\" \/><input type=\"hidden\" name=\"_wpcf7_container_post\" value=\"0\" \/><input type=\"hidden\" name=\"_wpcf7_posted_data_hash\" value=\"\" \/>\n<\/fieldset>\n<p><label> Nimi (pakollinen)<br \/>\n<span class=\"wpcf7-form-control-wrap\" data-name=\"your-name\"><input size=\"40\" maxlength=\"400\" class=\"wpcf7-form-control wpcf7-text wpcf7-validates-as-required\" aria-required=\"true\" aria-invalid=\"false\" value=\"\" type=\"text\" name=\"your-name\" \/><\/span> <\/label>\n<\/p>\n<p><label> S\u00e4hk\u00f6posti (pakollinen)<br \/>\n<span class=\"wpcf7-form-control-wrap\" data-name=\"your-email\"><input size=\"40\" maxlength=\"400\" class=\"wpcf7-form-control wpcf7-email wpcf7-validates-as-required wpcf7-text wpcf7-validates-as-email\" aria-required=\"true\" aria-invalid=\"false\" value=\"\" type=\"email\" name=\"your-email\" \/><\/span> <\/label>\n<\/p>\n<p><label> Puhelin (pakollinen)<br \/>\n<span class=\"wpcf7-form-control-wrap\" data-name=\"puhelin\"><input size=\"40\" maxlength=\"400\" class=\"wpcf7-form-control wpcf7-tel wpcf7-text wpcf7-validates-as-tel\" aria-invalid=\"false\" value=\"\" type=\"tel\" name=\"puhelin\" \/><\/span> <\/label>\n<\/p>\n<p><label> Osoite<br \/>\n<span class=\"wpcf7-form-control-wrap\" data-name=\"osoite\"><input size=\"40\" maxlength=\"400\" class=\"wpcf7-form-control wpcf7-text wpcf7-validates-as-required\" aria-required=\"true\" aria-invalid=\"false\" value=\"\" type=\"text\" name=\"osoite\" \/><\/span> <\/label>\n<\/p>\n<p><label> Syntym\u00e4aika<br \/>\n<span class=\"wpcf7-form-control-wrap\" data-name=\"syntyma\"><input size=\"40\" maxlength=\"400\" class=\"wpcf7-form-control wpcf7-text\" aria-invalid=\"false\" value=\"\" type=\"text\" name=\"syntyma\" \/><\/span> <\/label>\n<\/p>\n<p><label> Lis\u00e4tietoja<br \/>\n<span class=\"wpcf7-form-control-wrap\" data-name=\"lisatietoja\"><textarea cols=\"40\" rows=\"10\" maxlength=\"2000\" class=\"wpcf7-form-control wpcf7-textarea\" aria-invalid=\"false\" name=\"lisatietoja\"><\/textarea><\/span> <\/label>\n<\/p>\n<p><span class=\"wpcf7-form-control-wrap\" data-name=\"acceptance-777\"><span class=\"wpcf7-form-control wpcf7-acceptance\"><span class=\"wpcf7-list-item\"><input type=\"checkbox\" name=\"acceptance-777\" value=\"1\" aria-invalid=\"false\" \/><\/span><\/span><\/span> Hyv\u00e4ksyn tietojen luovuttamisen Karjalan Liiton yll\u00e4pit\u00e4m\u00e4\u00e4n j\u00e4senrekisteriin liiton j\u00e4senkortin ja lehden l\u00e4hett\u00e4mist\u00e4 varten. Tietoja ei k\u00e4ytet\u00e4 eik\u00e4 luovuteta muuhun tarkoitukseen.\n<\/p>\n<p><input class=\"wpcf7-form-control wpcf7-submit has-spinner\" type=\"submit\" value=\"L\u00e4het\u00e4\" \/>\n<\/p><div class=\"wpcf7-response-output\" aria-hidden=\"true\"><\/div>\n<\/form>\n<\/div>\n<\/div>\n","protected":false},"excerpt":{"rendered":"<p>Tervetuloa pit\u00e4j\u00e4seuran j\u00e4seneksi! Ota yhteytt\u00e4 seuran sihteeriin:&nbsp;Eila Ronkainen, p. 040 719 8552&nbsp; eilamaria.ronkainen@gmail.com Seuran j\u00e4senmaksu on 10 \u20ac \/ j\u00e4sen. Halutessasi voit liitty\u00e4 my\u00f6s Karjalan liiton j\u00e4seneksi. Liiton j\u00e4senmaksu vuonna 2021&nbsp;on 20 \u20ac \/ j\u00e4sen. Liiton j\u00e4senen\u00e4 saat nelj\u00e4 kertaa vuodessa ilmestyv\u00e4n Karjalan kunnaat -j\u00e4senlehden tai verkkolehden. Karjala-kortilla saat alennuksia kes\u00e4juhlien p\u00e4\u00e4sylipuista, kursseista, matkoista, erilaisista [&hellip;]<\/p>\n","protected":false},"author":7,"featured_media":0,"parent":0,"menu_order":0,"comment_status":"closed","ping_status":"closed","template":"","meta":{"footnotes":""},"class_list":["post-28","page","type-page","status-publish","hentry"],"_links":{"self":[{"href":"https:\/\/korpiselka.fi\/index.php?rest_route=\/wp\/v2\/pages\/28","targetHints":{"allow":["GET"]}}],"collection":[{"href":"https:\/\/korpiselka.fi\/index.php?rest_route=\/wp\/v2\/pages"}],"about":[{"href":"https:\/\/korpiselka.fi\/index.php?rest_route=\/wp\/v2\/types\/page"}],"author":[{"embeddable":true,"href":"https:\/\/korpiselka.fi\/index.php?rest_route=\/wp\/v2\/users\/7"}],"replies":[{"embeddable":true,"href":"https:\/\/korpiselka.fi\/index.php?rest_route=%2Fwp%2Fv2%2Fcomments&post=28"}],"version-history":[{"count":7,"href":"https:\/\/korpiselka.fi\/index.php?rest_route=\/wp\/v2\/pages\/28\/revisions"}],"predecessor-version":[{"id":464,"href":"https:\/\/korpiselka.fi\/index.php?rest_route=\/wp\/v2\/pages\/28\/revisions\/464"}],"wp:attachment":[{"href":"https:\/\/korpiselka.fi\/index.php?rest_route=%2Fwp%2Fv2%2Fmedia&parent=28"}],"curies":[{"name":"wp","href":"https:\/\/api.w.org\/{rel}","templated":true}]}}