{"id":188,"date":"2022-01-29T20:23:31","date_gmt":"2022-01-29T18:23:31","guid":{"rendered":"https:\/\/korpiselka.fi\/?page_id=188"},"modified":"2022-02-02T17:19:24","modified_gmt":"2022-02-02T15:19:24","slug":"esittelyvideo-korpiselka","status":"publish","type":"page","link":"https:\/\/korpiselka.fi\/?page_id=188","title":{"rendered":"ESITTELYVIDEO KORPISEL\u00c4N HISTORIASTA"},"content":{"rendered":"\n<div style=\"height:36px\" aria-hidden=\"true\" class=\"wp-block-spacer\"><\/div>\n\n\n\n<p>Videolla kerrotaan Korpisel\u00e4n alueen historiasta Ruotsin ja Ven\u00e4j\u00e4n\/Novgorodin v\u00e4limaastossa. <\/p>\n\n\n\n<p>Korpisel\u00e4n pit\u00e4j\u00e4n perustamisesta ja sen ihmisist\u00e4 ja elinkeinoista. <\/p>\n\n\n\n<p>Alueen sotatoimista 1939 &#8211; 1944, Korpisel\u00e4n evakuoinnista uuden rajan taakse ja korpiselk\u00e4l\u00e4isten uusista asuinsijoista.<\/p>\n\n\n\n<p><strong>Videon pituus 51min 17s<\/strong><\/p>\n\n\n\n<figure class=\"wp-block-embed is-type-video is-provider-youtube wp-block-embed-youtube wp-embed-aspect-16-9 wp-has-aspect-ratio\"><div class=\"wp-block-embed__wrapper\">\n<iframe loading=\"lazy\" title=\"Korpisel\u00e4n pit\u00e4j\u00e4esittely\" width=\"648\" height=\"365\" src=\"https:\/\/www.youtube.com\/embed\/yY9hapD6A1M?feature=oembed\" frameborder=\"0\" allow=\"accelerometer; autoplay; clipboard-write; encrypted-media; gyroscope; picture-in-picture; web-share\" referrerpolicy=\"strict-origin-when-cross-origin\" allowfullscreen><\/iframe>\n<\/div><\/figure>\n","protected":false},"excerpt":{"rendered":"<p>Videolla kerrotaan Korpisel\u00e4n alueen historiasta Ruotsin ja Ven\u00e4j\u00e4n\/Novgorodin v\u00e4limaastossa. Korpisel\u00e4n pit\u00e4j\u00e4n perustamisesta ja sen ihmisist\u00e4 ja elinkeinoista. Alueen sotatoimista 1939 &#8211; 1944, Korpisel\u00e4n evakuoinnista uuden rajan taakse ja korpiselk\u00e4l\u00e4isten uusista asuinsijoista. Videon pituus 51min 17s<\/p>\n","protected":false},"author":7,"featured_media":0,"parent":0,"menu_order":0,"comment_status":"closed","ping_status":"closed","template":"","meta":{"footnotes":""},"class_list":["post-188","page","type-page","status-publish","hentry"],"_links":{"self":[{"href":"https:\/\/korpiselka.fi\/index.php?rest_route=\/wp\/v2\/pages\/188","targetHints":{"allow":["GET"]}}],"collection":[{"href":"https:\/\/korpiselka.fi\/index.php?rest_route=\/wp\/v2\/pages"}],"about":[{"href":"https:\/\/korpiselka.fi\/index.php?rest_route=\/wp\/v2\/types\/page"}],"author":[{"embeddable":true,"href":"https:\/\/korpiselka.fi\/index.php?rest_route=\/wp\/v2\/users\/7"}],"replies":[{"embeddable":true,"href":"https:\/\/korpiselka.fi\/index.php?rest_route=%2Fwp%2Fv2%2Fcomments&post=188"}],"version-history":[{"count":5,"href":"https:\/\/korpiselka.fi\/index.php?rest_route=\/wp\/v2\/pages\/188\/revisions"}],"predecessor-version":[{"id":322,"href":"https:\/\/korpiselka.fi\/index.php?rest_route=\/wp\/v2\/pages\/188\/revisions\/322"}],"wp:attachment":[{"href":"https:\/\/korpiselka.fi\/index.php?rest_route=%2Fwp%2Fv2%2Fmedia&parent=188"}],"curies":[{"name":"wp","href":"https:\/\/api.w.org\/{rel}","templated":true}]}}