{"id":162,"date":"2022-01-29T19:32:11","date_gmt":"2022-01-29T17:32:11","guid":{"rendered":"https:\/\/korpiselka.fi\/?page_id=162"},"modified":"2022-02-02T17:17:40","modified_gmt":"2022-02-02T15:17:40","slug":"esittelyvideo","status":"publish","type":"page","link":"https:\/\/korpiselka.fi\/?page_id=162","title":{"rendered":"ESITTELYVIDEO PIT\u00c4J\u00c4SEURA"},"content":{"rendered":"\n<div style=\"height:50px\" aria-hidden=\"true\" class=\"wp-block-spacer\"><\/div>\n\n\n\n<p><strong>Videolla kerrotaan Korpisel\u00e4n Pit\u00e4j\u00e4seuran toiminnasta ja my\u00f6s Hoilolassa sijaitsevasta Korpiselk\u00e4talosta.<\/strong><\/p>\n\n\n\n<p><strong>Videon pituus 20min 42s<\/strong><\/p>\n\n\n\n<figure class=\"wp-block-embed is-type-video is-provider-youtube wp-block-embed-youtube wp-embed-aspect-16-9 wp-has-aspect-ratio\"><div class=\"wp-block-embed__wrapper\">\n<iframe loading=\"lazy\" title=\"Korpisel\u00e4n pit\u00e4j\u00e4seuran esittely\" width=\"648\" height=\"365\" src=\"https:\/\/www.youtube.com\/embed\/UZ8gzAaVWt0?feature=oembed\" frameborder=\"0\" allow=\"accelerometer; autoplay; clipboard-write; encrypted-media; gyroscope; picture-in-picture; web-share\" referrerpolicy=\"strict-origin-when-cross-origin\" allowfullscreen><\/iframe>\n<\/div><\/figure>\n","protected":false},"excerpt":{"rendered":"<p>Videolla kerrotaan Korpisel\u00e4n Pit\u00e4j\u00e4seuran toiminnasta ja my\u00f6s Hoilolassa sijaitsevasta Korpiselk\u00e4talosta. Videon pituus 20min 42s<\/p>\n","protected":false},"author":7,"featured_media":0,"parent":0,"menu_order":0,"comment_status":"closed","ping_status":"closed","template":"","meta":{"footnotes":""},"class_list":["post-162","page","type-page","status-publish","hentry"],"_links":{"self":[{"href":"https:\/\/korpiselka.fi\/index.php?rest_route=\/wp\/v2\/pages\/162","targetHints":{"allow":["GET"]}}],"collection":[{"href":"https:\/\/korpiselka.fi\/index.php?rest_route=\/wp\/v2\/pages"}],"about":[{"href":"https:\/\/korpiselka.fi\/index.php?rest_route=\/wp\/v2\/types\/page"}],"author":[{"embeddable":true,"href":"https:\/\/korpiselka.fi\/index.php?rest_route=\/wp\/v2\/users\/7"}],"replies":[{"embeddable":true,"href":"https:\/\/korpiselka.fi\/index.php?rest_route=%2Fwp%2Fv2%2Fcomments&post=162"}],"version-history":[{"count":6,"href":"https:\/\/korpiselka.fi\/index.php?rest_route=\/wp\/v2\/pages\/162\/revisions"}],"predecessor-version":[{"id":321,"href":"https:\/\/korpiselka.fi\/index.php?rest_route=\/wp\/v2\/pages\/162\/revisions\/321"}],"wp:attachment":[{"href":"https:\/\/korpiselka.fi\/index.php?rest_route=%2Fwp%2Fv2%2Fmedia&parent=162"}],"curies":[{"name":"wp","href":"https:\/\/api.w.org\/{rel}","templated":true}]}}